{"id":908,"date":"2023-08-30T18:19:01","date_gmt":"2023-08-30T21:19:01","guid":{"rendered":"https:\/\/isef11-sfe.infd.edu.ar\/sitio\/?page_id=908"},"modified":"2025-05-31T16:52:52","modified_gmt":"2025-05-31T19:52:52","slug":"secretaria-estudiantil","status":"publish","type":"page","link":"https:\/\/isef11-sfe.infd.edu.ar\/sitio\/secretaria-estudiantil\/","title":{"rendered":"Secretar\u00eda Estudiantil"},"content":{"rendered":"\n<p><\/p>\n\n\n\n<div class=\"wp-block-columns has-small-font-size is-layout-flex wp-container-3\">\n<div class=\"wp-block-column has-small-font-size is-layout-flow\" style=\"flex-basis:100px\"><\/div>\n\n\n\n<div class=\"wp-block-column is-layout-flow\" style=\"flex-basis:100px\"><div class=\"wp-block-image\">\n<figure class=\"aligncenter size-full is-resized\"><a href=\"https:\/\/www.instagram.com\/sec.estudiantil.isef11\/?utm_source=ig_web_button_share_sheet&amp;igshid=OGQ5ZDc2ODk2ZA==\" target=\"_blank\" rel=\"noreferrer noopener\"><img decoding=\"async\" loading=\"lazy\" src=\"https:\/\/isef11-sfe.infd.edu.ar\/sitio\/wp-content\/uploads\/2023\/12\/logo-instagram.png\" alt=\"\" class=\"wp-image-1837\" width=\"50\" height=\"50\" srcset=\"https:\/\/isef11-sfe.infd.edu.ar\/sitio\/wp-content\/uploads\/2023\/12\/logo-instagram.png 593w, https:\/\/isef11-sfe.infd.edu.ar\/sitio\/wp-content\/uploads\/2023\/12\/logo-instagram-500x500.png 500w\" sizes=\"(max-width: 50px) 100vw, 50px\" \/><\/a><\/figure><\/div><\/div>\n<\/div>\n\n\n\n<h4 class=\"wp-block-heading has-text-align-center has-accent-color has-text-color has-x-large-font-size\" style=\"font-style:normal;font-weight:900\"><strong>NOTICIAS<\/strong><\/h4>\n\n\n\n<hr class=\"wp-block-separator aligncenter has-text-color has-contrast-color has-alpha-channel-opacity has-contrast-background-color has-background is-style-default\"\/>\n\n\n\n<h4 class=\"wp-block-heading has-text-align-center has-accent-color has-text-color has-x-large-font-size\" style=\"text-transform:none\"><strong>INSCRIPCIONES INGRESANTES A\u00d1O LECTIVO 2025 A LAS CARRERAS Y CURSOS DEL I.S.E.F. N\u00b011 <\/strong><\/h4>\n\n\n\n<p class=\"has-contrast-color has-text-color has-large-font-size\" style=\"font-style:normal;font-weight:900\"><strong>CARRERAS<\/strong><\/p>\n\n\n\n<div class=\"wp-block-buttons is-layout-flex\">\n<div class=\"wp-block-button\"><a class=\"wp-block-button__link has-midnight-gradient-background has-background wp-element-button\" href=\"https:\/\/www.isef11.com.ar\/sitio\/index.php\/ingresantes-ciclo-lectivo\/periodismo-deportivo\" target=\"_blank\" rel=\"noreferrer noopener\"><strong>T\u00c9CNICO SUPERIOR EN PERIODISMO DEPORTIVO<\/strong><\/a><\/div>\n\n\n\n<div class=\"wp-block-button\"><a class=\"wp-block-button__link has-midnight-gradient-background has-background wp-element-button\" href=\"https:\/\/www.isef11.com.ar\/sitio\/index.php\/ingresantes-ciclo-lectivo\/profesorado-en-educacion-fisica\" target=\"_blank\" rel=\"noreferrer noopener\"><strong><strong>PROFESORADO DE EDUCACI\u00d3N F\u00cdSICA<\/strong><\/strong><\/a><\/div>\n<\/div>\n\n\n\n<p class=\"has-contrast-color has-text-color has-large-font-size\"><strong>CURSOS<\/strong><\/p>\n\n\n\n<div class=\"wp-block-buttons is-layout-flex\" style=\"font-style:normal;font-weight:900\">\n<div class=\"wp-block-button\"><a class=\"wp-block-button__link has-midnight-gradient-background has-background wp-element-button\" href=\"https:\/\/www.isef11.com.ar\/sitio\/index.php\/ingresantes-ciclo-lectivo\/guardavidas\" target=\"_blank\" rel=\"noreferrer noopener\"><strong>GUARDAVIDAS<\/strong><\/a><\/div>\n\n\n\n<div class=\"wp-block-button\"><a class=\"wp-block-button__link has-midnight-gradient-background has-background wp-element-button\" href=\"https:\/\/www.isef11.com.ar\/sitio\/index.php\/ingresantes-ciclo-lectivo\/instructor-de-futbol-infantil\" target=\"_blank\" rel=\"noreferrer noopener\"><strong>INSTRUCTOR DE F\u00daTBOL INFANTIL<\/strong><\/a><\/div>\n\n\n\n<div class=\"wp-block-button\"><a class=\"wp-block-button__link has-midnight-gradient-background has-background wp-element-button\" href=\"https:\/\/www.isef11.com.ar\/sitio\/index.php\/ingresantes-ciclo-lectivo\/director-tecnico-de-futbol\" target=\"_blank\" rel=\"noreferrer noopener\"><strong>DIRECTOR T\u00c9CNICO DE F\u00daTBOL<\/strong><\/a><\/div>\n<\/div>\n\n\n\n<hr class=\"wp-block-separator has-alpha-channel-opacity\"\/>\n\n\n\n<div class=\"wp-block-buttons is-layout-flex\">\n<div class=\"wp-block-button has-custom-font-size has-medium-font-size\"><a class=\"wp-block-button__link has-base-3-color has-cool-to-warm-spectrum-gradient-background has-text-color has-background wp-element-button\" href=\"https:\/\/app1.isef11.com.ar\/alumnos\" style=\"border-radius:100px\" target=\"_blank\" rel=\"noreferrer noopener\"><strong>Portal de Alumnos\/as para Tr\u00e1mites online<\/strong><\/a><\/div>\n<\/div>\n\n\n\n<div class=\"wp-block-buttons is-layout-flex\"><\/div>\n\n\n\n<hr class=\"wp-block-separator has-alpha-channel-opacity\"\/>\n\n\n\n<div class=\"wp-block-buttons is-layout-flex\"><\/div>\n\n\n\n<p class=\"has-base-3-color has-midnight-gradient-background has-text-color has-background has-medium-font-size\"><strong>INSCRIPCIONES A\u00d1O LECTIVO 202<\/strong>5 <\/p>\n\n\n\n<p><strong><em>RECORDAMOS QUE LOS REQUISITOS SON DE CAR\u00c1CTER EXCLUYENTE PARA LA INSCRIPCI\u00d3N DEL CICLO LECTIVO 2025.<\/em><\/strong><\/p>\n\n\n\n<p>&nbsp;<strong><em>REQUISITOS:<\/em><\/strong> <\/p>\n\n\n\n<p class=\"has-accent-color has-text-color has-large-font-size\"><strong>Educaci\u00f3n F\u00edsica &#8211; Para 2\u00b0 &#8211; 3\u00b0 &#8211; 4\u00b0 a\u00f1o<\/strong><\/p>\n\n\n\n<p>Inscripci\u00f3n al ciclo lectivo 2025<\/p>\n\n\n\n<p>Solicitudes de cambios de turno y de divisi\u00f3n<\/p>\n\n\n\n<p>Disoluci\u00f3n De Comisiones De 1\u00b0 A\u00f1o<\/p>\n\n\n\n<p>Re-cursado &#8211; Pases<\/p>\n\n\n\n<h3 class=\"wp-block-heading\"><a><\/a><strong>1.&nbsp;<\/strong><strong>Tener en cuenta:<\/strong><\/h3>\n\n\n\n<ul>\n<li><strong>La inscripci\u00f3n es obligatoria<\/strong>&nbsp;para todos los estudiantes que deseen mantener su condici\u00f3n de alumnos regulares<strong>.<\/strong><\/li>\n\n\n\n<li><strong>La inscripci\u00f3n no es un tr\u00e1mite personal<\/strong>: puede ser realizada por otra persona en representaci\u00f3n del estudiante.<\/li>\n\n\n\n<li><strong>Cierre de inscripci\u00f3n<\/strong>: Una vez vencido el plazo de inscripci\u00f3n, no se aceptar\u00e1n inscripciones fuera de t\u00e9rmino, sin excepci\u00f3n.<\/li>\n\n\n\n<li><strong>Certificado de estudios secundarios completos<\/strong>: Los estudiantes que no hayan entregado la copia legalizada del certificado de estudios secundarios completos&nbsp;<strong>no podr\u00e1n inscribirse<\/strong>.<\/li>\n\n\n\n<li><strong>Documentaci\u00f3n completa<\/strong>: La inscripci\u00f3n solo podr\u00e1 concretarse si el estudiante presenta toda la documentaci\u00f3n requerida en su totalidad.<\/li>\n<\/ul>\n\n\n\n<h3 class=\"wp-block-heading\"><a><\/a><strong>2. Documentaci\u00f3n Requerida<\/strong><\/h3>\n\n\n\n<p>Para completar la inscripci\u00f3n, los estudiantes deber\u00e1n presentar la siguiente documentaci\u00f3n:<\/p>\n\n\n\n<ul>\n<li><strong>D.N.I.<\/strong>&nbsp;(original y fotocopia).<\/li>\n\n\n\n<li><strong>Certificado de Salud<\/strong>&nbsp;actualizado, incluyendo electrocardiograma con informe debidamente estampillado.<\/li>\n\n\n\n<li><strong>Certificado odontol\u00f3gico<\/strong>&nbsp;v\u00e1lido.<\/li>\n\n\n\n<li><strong>Original y fotocopia<\/strong>&nbsp;de la vacuna antitet\u00e1nica si esta se encuentra vencida.<\/li>\n\n\n\n<li><strong>Ergometr\u00eda<\/strong>&nbsp;(solo para alumnos que no hayan cursado el ciclo lectivo anterior).<\/li>\n<\/ul>\n\n\n\n<p><strong>Importante<\/strong>: Todos los documentos deben ser entregados en tiempo y forma para poder completar el tr\u00e1mite de inscripci\u00f3n.<\/p>\n\n\n\n<h3 class=\"wp-block-heading\"><strong>3. Solicitudes de Cambios de Turnos y de Divisi\u00f3n<\/strong><\/h3>\n\n\n\n<p><strong>MI\u00c9RCOLES 05\/03\/2025 Y JUEVES 06\/03\/2025<\/strong><\/p>\n\n\n\n<p><strong>(Solo para estudiantes de 2\u00ba, 3\u00ba y 4\u00ba a\u00f1o)<\/strong><\/p>\n\n\n\n<p>Presentar una nota tipo dirigida al Director de la Escuela del Profesorado, Prof. Lic. Ricardo Caruso, en Mesa de Entrada, (de 08:00 a 11:00 o de 14:00 a 17:00). La nota puede descargarse en Solicitud de Cambio de Division.pdf<\/p>\n\n\n\n<ul>\n<li>Motivo: Explicar las razones de la solicitud en la nota dirigida al Director.<\/li>\n\n\n\n<li>Documentaci\u00f3n: Adjuntar los siguientes documentos seg\u00fan el motivo:\n<ul>\n<li>Razones laborales:\n<ul>\n<li>Constancia laboral que incluya raz\u00f3n social del empleador, nombre, DNI y funci\u00f3n del solicitante, d\u00edas y horarios de trabajo, y copia del \u00faltimo recibo de sueldo (si lo tuviera).<\/li>\n<\/ul>\n<\/li>\n\n\n\n<li>Razones de distancia:\n<ul>\n<li>Constancia de residencia (recibo de servicio o documento oficial).<\/li>\n\n\n\n<li>Certificado de Vecindad (Registro Civil o Juzgado Comunitario en Rosario).<\/li>\n\n\n\n<li>Horarios de colectivos que acrediten dificultades para asistir al turno asignado.<\/li>\n<\/ul>\n<\/li>\n\n\n\n<li>Razones deportivas:\n<ul>\n<li>Constancia del club\/instituci\u00f3n con d\u00edas y horarios de entrenamiento.<\/li>\n\n\n\n<li>Constancia de federaci\u00f3n o club, si corresponde.<\/li>\n<\/ul>\n<\/li>\n<\/ul>\n<\/li>\n<\/ul>\n\n\n\n<p><strong>Evaluaci\u00f3n y resultados:<\/strong><\/p>\n\n\n\n<p>Las solicitudes ser\u00e1n evaluadas por la Direcci\u00f3n de la EPEF. Aquellas que sean aprobadas se publicar\u00e1n y se notificar\u00e1n a la secci\u00f3n de Alumnado<\/p>\n\n\n\n<h3 class=\"wp-block-heading\"><strong>4. Cronograma de Inscripci\u00f3n<\/strong><\/h3>\n\n\n\n<p><strong>DEL 10 DE <strong>MARZO <\/strong>AL 21 DE MARZO DE 2025<\/strong><\/p>\n\n\n\n<h2 class=\"wp-block-heading has-accent-color has-text-color\"><strong>2\u00b0A\u00d1O<\/strong><\/h2>\n\n\n\n<figure class=\"wp-block-table has-medium-font-size\"><table class=\"has-contrast-color has-text-color\"><tbody><tr><td colspan=\"3\">&nbsp;Las comisiones que se disuelven 3ra Divisi\u00f3n &#8211; 6ta Divisi\u00f3n &#8211; 12va Divisi\u00f3n(a estos estudiantes se le asignar\u00e1 nueva divisi\u00f3n respetando el turno y los grupos de estudios propuestos)&nbsp;<\/td><\/tr><tr><td>&nbsp;<\/td><td><strong>LUNES 10\/03<\/strong><\/td><td><strong>MARTES 11\/03<\/strong><\/td><\/tr><tr><td><strong>8:30<\/strong><\/td><td>Estudiantes que en 2024 cursaron&nbsp;<strong>1er a\u00f1o 1ra Divisi\u00f3n<\/strong><\/td><td>Estudiantes que en 2024 cursaron&nbsp;<strong>1er a\u00f1o 3ra Divisi\u00f3n<\/strong><\/td><\/tr><tr><td><strong>9:30<\/strong><\/td><td>Estudiantes que en 2024 cursaron&nbsp;<strong>1er a\u00f1o 2da Divisi\u00f3n<\/strong><\/td><td>&nbsp;<\/td><\/tr><tr><td><strong>10:30<\/strong><\/td><td>Estudiantes que en 2024 cursaron&nbsp;<strong>1er a\u00f1o 9na Divisi\u00f3n<\/strong><\/td><td>Estudiantes que en 2024 cursaron&nbsp;<strong>1er a\u00f1o 4ta Divisi\u00f3n<\/strong><\/td><\/tr><tr><td><strong>13:30<\/strong><\/td><td>Estudiantes que en 2024 cursaron&nbsp;<strong>1er a\u00f1o 5ta Divisi\u00f3n<\/strong><\/td><td>Estudiantes que en 2024 cursaron&nbsp;<strong>1er a\u00f1o 7ma Divisi\u00f3n<\/strong><\/td><\/tr><tr><td><strong>14:30<\/strong><\/td><td>Estudiantes que en 2024 cursaron&nbsp;<strong>1er a\u00f1o 6ta Divisi\u00f3n<\/strong><\/td><td>&nbsp;<\/td><\/tr><tr><td><strong>15:30<\/strong><\/td><td>Estudiantes que en 2024 cursaron&nbsp;<strong>1er a\u00f1o 10ma Divisi\u00f3n<\/strong><\/td><td>Estudiantes que en 2024 cursaron&nbsp;<strong>1er a\u00f1o 8va Divisi\u00f3n<\/strong><\/td><\/tr><tr><td><strong>17:00<\/strong><\/td><td>Estudiantes que en 2024 cursaron&nbsp;<strong>1er a\u00f1o 11va Divisi\u00f3n<\/strong><\/td><td>Estudiantes que en 2024 cursaron&nbsp;<strong>1er a\u00f1o 12da y 13ra Divisi\u00f3n<\/strong><\/td><\/tr><\/tbody><\/table><\/figure>\n\n\n\n<h2 class=\"wp-block-heading has-accent-color has-text-color\">&nbsp;3\u00b0A\u00d1O<\/h2>\n\n\n\n<figure class=\"wp-block-table\"><table><tbody><tr><td>&nbsp;<\/td><td><strong>MI\u00c9RCOLES 12\/03<\/strong><\/td><td><strong>JUEVES 13\/03<\/strong><\/td><\/tr><tr><td><strong>8:30<\/strong><\/td><td>Estudiantes que en 2024 cursaron&nbsp;<strong>2do a\u00f1o 1ra Divisi\u00f3n<\/strong><\/td><td>Estudiantes que en 2024 cursaron&nbsp;<strong>2do a\u00f1o 3ra Divisi\u00f3n<\/strong><\/td><\/tr><tr><td><strong>10:00<\/strong><\/td><td>Estudiantes que en 2024 cursaron&nbsp;<strong>2do a\u00f1o 2da Divisi\u00f3n<\/strong><\/td><td>Estudiantes que en 2024 cursaron&nbsp;<strong>2do a\u00f1o 4ta Divisi\u00f3n<\/strong><\/td><\/tr><tr><td><strong>13:30<\/strong><\/td><td>Estudiantes que en 2024 cursaron&nbsp;<strong>2do a\u00f1o 5ta Divisi\u00f3n<\/strong><\/td><td>Estudiantes que en 2024 cursaron&nbsp;<strong>2do a\u00f1o 7ma Divisi\u00f3n<\/strong><\/td><\/tr><tr><td><strong>15:00<\/strong><\/td><td>Estudiantes que en 2024 cursaron&nbsp;<strong>2do a\u00f1o 6ta Divisi\u00f3n<\/strong><\/td><td>Estudiantes que en 2024 cursaron&nbsp;<strong>2do a\u00f1o 8va Divisi\u00f3n<\/strong><\/td><\/tr><tr><td><strong>17:00<\/strong><\/td><td>Estudiantes que en 2024 cursaron&nbsp;<strong>2do a\u00f1o 11va Divisi\u00f3n<\/strong><\/td><td>Estudiantes que en 2024 cursaron&nbsp;<strong>2do a\u00f1o 12da Divisi\u00f3n<\/strong><\/td><\/tr><\/tbody><\/table><\/figure>\n\n\n\n<h2 class=\"wp-block-heading has-accent-color has-text-color\">&nbsp;4\u00b0A\u00d1O<\/h2>\n\n\n\n<figure class=\"wp-block-table\"><table><tbody><tr><td>&nbsp;<\/td><td><strong>VIERNES 14\/03<\/strong><\/td><td><strong>LUNES 17\/03<\/strong><\/td><\/tr><tr><td><strong>8:30<\/strong><\/td><td>Estudiantes que en 2024 cursaron&nbsp;<strong>3er a\u00f1o 1ra Divisi\u00f3n<\/strong><\/td><td>Estudiantes que en 2024 cursaron&nbsp;<strong>3er a\u00f1o 3ra Divisi\u00f3n<\/strong><\/td><\/tr><tr><td><strong>10:00<\/strong><\/td><td>Estudiantes que en 2024 cursaron&nbsp;<strong>3er a\u00f1o 2da Divisi\u00f3n<\/strong><\/td><td>Estudiantes que en 2024 cursaron&nbsp;<strong>3er a\u00f1o 4ta Divisi\u00f3n<\/strong><\/td><\/tr><tr><td><strong>13:30<\/strong><\/td><td>Estudiantes que en 2024 cursaron&nbsp;<strong>3er a\u00f1o 5ta Divisi\u00f3n<\/strong><\/td><td>Estudiantes que en 2024 cursaron&nbsp;<strong>3er a\u00f1o 7ma Divisi\u00f3n<\/strong><\/td><\/tr><tr><td><strong>15:00<\/strong><\/td><td>Estudiantes que en 2024 cursaron&nbsp;<strong>3er a\u00f1o 6ta Divisi\u00f3n<\/strong><\/td><td>Estudiantes que en 2024 cursaron&nbsp;<strong>3er a\u00f1o 8va Divisi\u00f3n<\/strong><\/td><\/tr><tr><td><strong>17:00<\/strong><\/td><td>Estudiantes que en 2024 cursaron&nbsp;<strong>3er a\u00f1o 11va Divisi\u00f3n<\/strong><\/td><td>Estudiantes que en 2024 cursaron&nbsp;<strong>3er a\u00f1o 12da Divisi\u00f3n<\/strong><\/td><\/tr><\/tbody><\/table><\/figure>\n\n\n\n<h2 class=\"wp-block-heading has-accent-color has-text-color\"><strong>RECURSANTES y A\u00d1O ACAD\u00c9MICO<\/strong><\/h2>\n\n\n\n<figure class=\"wp-block-table\"><table><tbody><tr><td colspan=\"4\">&nbsp;Estudiantes que terminaron su cohorte o que solo cursan espacios (materias) y Estudiantes que solo deben rendir espacios curriculares en mesa de examen. Ver comisiones designadas para recusar&nbsp;<a href=\"https:\/\/drive.google.com\/drive\/folders\/10OiG9oMPw3wBabdDN35XKNzXFQLF_6La?usp=sharing\">Comisiones de recursado<\/a>&nbsp;&#8211;&nbsp;Nota solicitud cambio de Recursado&nbsp;<\/td><\/tr><tr><td>&nbsp;<\/td><td><strong>MARTES 18\/03<\/strong><\/td><td><strong>MI\u00c9RCOLES 19\/03<\/strong><\/td><td><strong>JUEVES 20\/03<\/strong><\/td><\/tr><tr><td><strong>De 8:30<\/strong><strong>A 11:00<\/strong><\/td><td>DNI terminadosen&nbsp;<strong>1 y 2<\/strong><\/td><td>DNI terminadosEn&nbsp;<strong>4<\/strong><\/td><td>DNI terminadosEn&nbsp;<strong>7 y 8<\/strong><\/td><\/tr><tr><td><strong>De 14:00<\/strong><strong>A 17:00<\/strong><\/td><td>DNI terminadosen&nbsp;<strong>3<\/strong><\/td><td>DNI terminadosen&nbsp;<strong>5 y 6<\/strong><\/td><td>DNI terminadosen&nbsp;<strong>9 y 0<\/strong><\/td><\/tr><\/tbody><\/table><\/figure>\n\n\n\n<h2 class=\"wp-block-heading has-accent-color has-text-color\"><strong>PASES<\/strong><\/h2>\n\n\n\n<figure class=\"wp-block-table\"><table><tbody><tr><td colspan=\"2\">&nbsp; Ver documentaci\u00f3n requerida en el siguiente link&nbsp;<a rel=\"noreferrer noopener\" href=\"http:\/\/www.isef11.com.ar\/sitio\/images\/isef11\/epef\/2025\/ProtoPases.pdf\" target=\"_blank\">Protocolo: Recepci\u00f3n de Pases<\/a>&nbsp;<\/td><\/tr><tr><td>&nbsp;<\/td><td><strong>VIERNES 21\/03<\/strong><\/td><\/tr><tr><td><strong>De 8:30<\/strong><strong>A 11:00<\/strong><\/td><td>DNI terminados en <strong>1, 3, 5 ,7 y 9<\/strong><\/td><\/tr><tr><td><strong>De 14:00<\/strong><strong>A 17:00<\/strong><\/td><td>DNI terminados en <strong>0, 2, 4, 6, y 8<\/strong><\/td><\/tr><\/tbody><\/table><\/figure>\n\n\n\n<hr class=\"wp-block-separator has-alpha-channel-opacity\"\/>\n\n\n\n<p><strong><a href=\"https:\/\/www.isef11.com.ar\/sitio\/index.php\/institucional\/secretaria-estudiantil\" target=\"_blank\" rel=\"noreferrer noopener\">SECRETAR\u00cdA DE BIENESTAR ESTUDIANTIL I.S.E.F. N\u00ba11 <\/a><\/strong><\/p>\n\n\n\n<p><br>Esta Secretar\u00eda fue creada por la resoluci\u00f3n N\u00ba 928 del 1ero. de setiembre de 1998, que entre sus considerandos dice: \u201c\u2026 que se deben abrir mas espacios para recepcionar y procesar las necesidades, inquietudes y demandas del estudiantado y crear canales de comunicaci\u00f3n por los cuales hacer transitar la informaci\u00f3n entre la Direcci\u00f3n General y los alumnos de las distintas Escuelas y Departamentos\u201d.<br><br>En su art\u00edculo 2 \u201c\u2026 se le encomienda a la Secretar\u00eda la misi\u00f3n de interrelacionarse con los alumnos, los otros claustros y\/u otros organismos intra e interinstitucionales con el fin de asesorar y proponer acciones que conlleven a procurar la contenci\u00f3n del alumno facilitando su inserci\u00f3n en la Instituci\u00f3n y brindarle un marco \u00f3ptimo para el desarrollo de sus tareas\u201d.<br><br>Esta Secretar\u00eda se ocupa de actividades previstas por calendario institucional, todas ellas realizadas junto a los estudiantes. Tambi\u00e9n genera otras que apunten al beneficio fundamentalmente de la formaci\u00f3n de los alumnos.<br>Las mismas son (en orden cronol\u00f3gico):<br><br>\u2022 Participaci\u00f3n en la organizaci\u00f3n y desarrollo de las jornadas proped\u00e9uticas a comienzo del ciclo lectivo para ingresantes en la carrera del profesorado de Educaci\u00f3n F\u00edsica.<\/p>\n\n\n\n<p>\u2022 Coordinaci\u00f3n de la designaci\u00f3n de los alumnos becados que se ocupar\u00e1n de la utiler\u00eda.<\/p>\n\n\n\n<p>\u2022 Propuesta a los terceros a\u00f1os para los actos conmemorativos.<\/p>\n\n\n\n<p>\u2022 Organizaci\u00f3n y diagramaci\u00f3n de la presentaci\u00f3n del I.S.E.F. en la Expo- carreras.<\/p>\n\n\n\n<p>\u2022 Organizaci\u00f3n y participaci\u00f3n en la jornada \u201cd\u00eda del Estudiante\u201d.<\/p>\n\n\n\n<p>\u2022 Organizaci\u00f3n y realizaci\u00f3n de los talleres de presentaci\u00f3n de los E.C.O. para alumnos de 3er. A\u00f1o.<\/p>\n\n\n\n<p>\u2022 Diagramaci\u00f3n de la propuesta de los 3eros. A\u00f1os para la elecci\u00f3n de abanderados y escoltas.<\/p>\n\n\n\n<p>\u2022 Orientaci\u00f3n permanente a todo aquel estudiante que la requiera, acerca de las peticiones, sugerencias o inquietudes ante las diferentes Direcciones y los Consejos Acad\u00e9mico y Superior.<\/p>\n\n\n\n<p>\u2022 Inscripci\u00f3n y asignaci\u00f3n de los estudiantes interesados a las diferentes becas y&nbsp;medias becas de capacitaci\u00f3n que se ofrecen.&nbsp;<\/p>\n\n\n\n<p><br>La metodolog\u00eda de funcionamiento conjunto con los estudiantes se realiza a trav\u00e9s de un cronograma de reuniones peri\u00f3dicas con el Cuerpo de delegados del I.S.E.F.<br><br>La mec\u00e1nica de trabajo determina el tratamiento en esas reuniones de temarios puntuales, como el dise\u00f1o del uniforme, la organizaci\u00f3n de la participaci\u00f3n de los alumnos en las actividades del calendario, la organizaci\u00f3n de las pe\u00f1as y toda la<br>informaci\u00f3n sobre fechas importantes, dictado de cursos de capacitaci\u00f3n y toda otra que sea de inter\u00e9s particular de los estudiantes.<\/p>\n","protected":false},"excerpt":{"rendered":"<p>NOTICIAS INSCRIPCIONES INGRESANTES A\u00d1O LECTIVO 2025 A LAS CARRERAS Y CURSOS DEL I.S.E.F. N\u00b011 CARRERAS CURSOS INSCRIPCIONES A\u00d1O LECTIVO 2025 RECORDAMOS QUE LOS REQUISITOS SON DE CAR\u00c1CTER EXCLUYENTE PARA LA INSCRIPCI\u00d3N DEL CICLO LECTIVO 2025. &nbsp;REQUISITOS: Educaci\u00f3n F\u00edsica &#8211; Para 2\u00b0 &#8211; 3\u00b0 &#8211; 4\u00b0 a\u00f1o Inscripci\u00f3n al ciclo lectivo 2025 Solicitudes de cambios de &#8230; <a title=\"Secretar\u00eda Estudiantil\" class=\"read-more\" href=\"https:\/\/isef11-sfe.infd.edu.ar\/sitio\/secretaria-estudiantil\/\" aria-label=\"More on Secretar\u00eda Estudiantil\">[+]<\/a><\/p>\n","protected":false},"author":74,"featured_media":959,"parent":0,"menu_order":0,"comment_status":"closed","ping_status":"closed","template":"","meta":[],"acf":[],"_links":{"self":[{"href":"https:\/\/isef11-sfe.infd.edu.ar\/sitio\/wp-json\/wp\/v2\/pages\/908"}],"collection":[{"href":"https:\/\/isef11-sfe.infd.edu.ar\/sitio\/wp-json\/wp\/v2\/pages"}],"about":[{"href":"https:\/\/isef11-sfe.infd.edu.ar\/sitio\/wp-json\/wp\/v2\/types\/page"}],"author":[{"embeddable":true,"href":"https:\/\/isef11-sfe.infd.edu.ar\/sitio\/wp-json\/wp\/v2\/users\/74"}],"replies":[{"embeddable":true,"href":"https:\/\/isef11-sfe.infd.edu.ar\/sitio\/wp-json\/wp\/v2\/comments?post=908"}],"version-history":[{"count":65,"href":"https:\/\/isef11-sfe.infd.edu.ar\/sitio\/wp-json\/wp\/v2\/pages\/908\/revisions"}],"predecessor-version":[{"id":2168,"href":"https:\/\/isef11-sfe.infd.edu.ar\/sitio\/wp-json\/wp\/v2\/pages\/908\/revisions\/2168"}],"wp:featuredmedia":[{"embeddable":true,"href":"https:\/\/isef11-sfe.infd.edu.ar\/sitio\/wp-json\/wp\/v2\/media\/959"}],"wp:attachment":[{"href":"https:\/\/isef11-sfe.infd.edu.ar\/sitio\/wp-json\/wp\/v2\/media?parent=908"}],"curies":[{"name":"wp","href":"https:\/\/api.w.org\/{rel}","templated":true}]}}