{"id":754,"date":"2020-05-27T17:43:59","date_gmt":"2020-05-27T20:43:59","guid":{"rendered":"https:\/\/isef11-sfe.infd.edu.ar\/sitio\/?page_id=754"},"modified":"2024-04-16T10:28:21","modified_gmt":"2024-04-16T13:28:21","slug":"epi","status":"publish","type":"page","link":"https:\/\/isef11-sfe.infd.edu.ar\/sitio\/epi\/","title":{"rendered":"Perfeccionamiento e Investigaci\u00f3n (E.P.I.)"},"content":{"rendered":"\n<h2 class=\"wp-block-heading has-text-align-center\">Proyecto<br>Convocatoria a inscripci\u00f3n para Interinatos y Suplencias del curso<br>de \u201cDirector T\u00e9cnico de F\u00fatbol\u201d<br>y \u201cNutrici\u00f3n y Actividad F\u00edsica\u201d<\/h2>\n\n\n\n<p>Para el llamado se conformar\u00e1 un equipo evaluador que estar\u00e1 compuesto por un miembro del<br>equipo directivo de Direcci\u00f3n General, un miembro del equipo directivo de la Escuela, el Coordinador<br>de Curso, un docente activo del mismo y el\/la Secretario\/a Acad\u00e9mico\/a de la Instituci\u00f3n, quienes<br>ser\u00e1n responsables de la confecci\u00f3n de escalafones seg\u00fan reglamentaci\u00f3n\/es vigentes.<br>La convocatoria ser\u00e1 publicada en Diario \u201cLa Capital de Rosario\u201d, P\u00e1gina oficial del I.S.E.F. N\u00b0 11-<br>www.isef11.com.ar, Instagram oficial de la E.P.I. &#8211; @epioficialisef, y carteler\u00eda en la Instituci\u00f3n.<br>La informaci\u00f3n de bases y requisitos se canalizar\u00e1n a trav\u00e9s de la p\u00e1gina oficial como as\u00ed tambi\u00e9n la<br>planilla de inscripci\u00f3n, que luego de ser completada, se entregar\u00e1 presencialmente por mesa de<br>entradas junto a la carpeta de antecedentes.<br>Una vez recepcionada la documentaci\u00f3n de los postulantes se programar\u00e1 una entrevista (Reg.<br>Org\u00e1nico N\u00b0 531\/89-TITULO X ART. 66\u00b0), para evaluar conocimientos y experiencia en el \u00e1rea de<br>incumbencia, que otorgar\u00e1 puntaje en la escala del 1 al 10 sumados a sus antecedentes presentados.<br>Los escalafones tendr\u00e1n validez por 2 a\u00f1os.<\/p>\n\n\n\n<h2 class=\"wp-block-heading\">Curso de Director T\u00e9cnico:<\/h2>\n\n\n\n<p>Equipo Evaluador: Lic. Fernando Moncl\u00fas, Lic. Guillermo Gutierrez, Lic. Fernando Criado, Lic.<br>Alejandra Stoppani.<br>La valoraci\u00f3n de antecedentes y evaluaci\u00f3n se realizar\u00e1n de acuerdo a: Decreto N\u00ba 3029\/12, ,<br>Reglamento Org\u00e1nico- Decreto N\u00ba 531\/89.<br>*El t\u00edtulo de Director T\u00e9cnico otorgar\u00e1 prioridad de escalafonamiento para todos los espacios en los<br>que no se especifique como requisito indispensable.<\/p>\n\n\n\n<h2 class=\"wp-block-heading\"><br><strong>Requisitos indispensables para los espacios:<\/strong><br><\/h2>\n\n\n\n<figure class=\"wp-block-table\"><table><tbody><tr><td>-Administraci\u00f3n y Conducci\u00f3n de<br>Equipos de F\u00fatbol<\/td><td>Prof. E.F. o DT<\/td><\/tr><tr><td>-Administraci\u00f3n y Conducci\u00f3n de<br>Equipos de F\u00fatbol<\/td><td>Titulo universitario con incunbencia en Cs. de la Salud o Prof.<br>De Biolog\u00eda<\/td><\/tr><tr><td>-Formaci\u00f3n F\u00edsica B\u00e1sica<\/td><td>Profesor Educaci\u00f3n F\u00edsica<\/td><\/tr><tr><td>Historia de la Cultura General<\/td><td>Historia de la Cultura General<\/td><\/tr><tr><td>-Lenguaje Futbol\u00edstico I<\/td><td>Periodista Deportivo<\/td><\/tr><tr><td>-Lenguaje Futbol\u00edstico II<\/td><td>Periodista Deportivo<\/td><\/tr><tr><td>-Medicina del Deporte<\/td><td>M\u00e9dico<\/td><\/tr><tr><td>-Pedagog\u00eda y Did\u00e1ctica<\/td><td>Prof. Educaci\u00f3n F\u00edsica<\/td><\/tr><tr><td>-Preparaci\u00f3n F\u00edsica y Entrenamiento<\/td><td>Prof. Educaci\u00f3n F\u00edsica<\/td><\/tr><tr><td>-Psicolog\u00eda I<\/td><td>Psic\u00f3logo<\/td><\/tr><tr><td>-Psicolog\u00eda II<\/td><td>Psic\u00f3logo<\/td><\/tr><tr><td>-Reglamento y Arbitraje<\/td><td>Arbitro<\/td><\/tr><tr><td>-T\u00e1ctica y Estrategia I<\/td><td>DT o Prof. E.F.<\/td><\/tr><tr><td>-T\u00e1ctica y Estrategia II<\/td><td>DT <\/td><\/tr><tr><td>-T\u00e9cnica y Entrenamiento I<\/td><td>DT o Prof. E.F.<\/td><\/tr><tr><td>-T\u00e9cnica y Entrenamiento II<\/td><td>DT o Prof. E.F.<\/td><\/tr><\/tbody><\/table><\/figure>\n\n\n\n<h2 class=\"wp-block-heading\">Curso de Nutrici\u00f3n y Actividad F\u00edsica:<\/h2>\n\n\n\n<p>Equipo Evaluador: Lic. Ariel Rosal\u00e9n,Lic Mar\u00eda Moscato,Lic. Fernando Criado, Lic. Alejandra Stoppani.<br>La valoraci\u00f3n de antecedentes y evaluaci\u00f3n se realizar\u00e1n de acuerdo a: Decreto N\u00ba 3029\/12,<br>Reglamento Org\u00e1nico- Decreto N\u00ba 531\/89.<br>Requisitos indispensables para los espacios:<br>Psicolog\u00eda de la Actividad F\u00edsica: Lic. en Psicolog\u00eda<br>Nutrici\u00f3n: Lic. en Nutrici\u00f3n<\/p>\n\n\n\n<div class=\"wp-block-buttons alignwide is-content-justification-center is-layout-flex wp-container-1\">\n<div class=\"wp-block-button\"><a class=\"wp-block-button__link wp-element-button\" href=\"https:\/\/drive.google.com\/file\/d\/1A-AW1z0TBA-43Hu3y3nA5BSjjP5rhV2d\/view?usp=sharing\" target=\"_blank\" rel=\"noreferrer noopener\">Ficha inscripci\u00f3n interinatos y suplencias<\/a><\/div>\n<\/div>\n","protected":false},"excerpt":{"rendered":"<p>ProyectoConvocatoria a inscripci\u00f3n para Interinatos y Suplencias del cursode \u201cDirector T\u00e9cnico de F\u00fatbol\u201dy \u201cNutrici\u00f3n y Actividad F\u00edsica\u201d Para el llamado se conformar\u00e1 un equipo evaluador que estar\u00e1 compuesto por un miembro delequipo directivo de Direcci\u00f3n General, un miembro del equipo directivo de la Escuela, el Coordinadorde Curso, un docente activo del mismo y el\/la Secretario\/a &#8230; <a title=\"Perfeccionamiento e Investigaci\u00f3n (E.P.I.)\" class=\"read-more\" href=\"https:\/\/isef11-sfe.infd.edu.ar\/sitio\/epi\/\" aria-label=\"More on Perfeccionamiento e Investigaci\u00f3n (E.P.I.)\">[+]<\/a><\/p>\n","protected":false},"author":23,"featured_media":948,"parent":0,"menu_order":0,"comment_status":"closed","ping_status":"closed","template":"","meta":[],"acf":[],"_links":{"self":[{"href":"https:\/\/isef11-sfe.infd.edu.ar\/sitio\/wp-json\/wp\/v2\/pages\/754"}],"collection":[{"href":"https:\/\/isef11-sfe.infd.edu.ar\/sitio\/wp-json\/wp\/v2\/pages"}],"about":[{"href":"https:\/\/isef11-sfe.infd.edu.ar\/sitio\/wp-json\/wp\/v2\/types\/page"}],"author":[{"embeddable":true,"href":"https:\/\/isef11-sfe.infd.edu.ar\/sitio\/wp-json\/wp\/v2\/users\/23"}],"replies":[{"embeddable":true,"href":"https:\/\/isef11-sfe.infd.edu.ar\/sitio\/wp-json\/wp\/v2\/comments?post=754"}],"version-history":[{"count":21,"href":"https:\/\/isef11-sfe.infd.edu.ar\/sitio\/wp-json\/wp\/v2\/pages\/754\/revisions"}],"predecessor-version":[{"id":2023,"href":"https:\/\/isef11-sfe.infd.edu.ar\/sitio\/wp-json\/wp\/v2\/pages\/754\/revisions\/2023"}],"wp:featuredmedia":[{"embeddable":true,"href":"https:\/\/isef11-sfe.infd.edu.ar\/sitio\/wp-json\/wp\/v2\/media\/948"}],"wp:attachment":[{"href":"https:\/\/isef11-sfe.infd.edu.ar\/sitio\/wp-json\/wp\/v2\/media?parent=754"}],"curies":[{"name":"wp","href":"https:\/\/api.w.org\/{rel}","templated":true}]}}