{"id":2042,"date":"2024-05-30T12:29:37","date_gmt":"2024-05-30T15:29:37","guid":{"rendered":"https:\/\/isef11-sfe.infd.edu.ar\/sitio\/?page_id=2042"},"modified":"2024-10-08T12:22:12","modified_gmt":"2024-10-08T15:22:12","slug":"suplencias-y-concursos-d-e-c-2024","status":"publish","type":"page","link":"https:\/\/isef11-sfe.infd.edu.ar\/sitio\/suplencias-y-concursos-d-e-c-2024\/","title":{"rendered":"Suplencias y Concursos D.E.C. 2024"},"content":{"rendered":"\n<div class=\"wp-block-buttons is-layout-flex\"><\/div>\n\n\n\n<h2 class=\"wp-block-heading\">Escalaf\u00f3n definitivo.<\/h2>\n\n\n\n<p>Disposici\u00f3n 03\/2024 &#8211; Departamento de Extensi\u00f3n a la Comunidad<\/p>\n\n\n\n<div class=\"wp-block-file\"><object class=\"wp-block-file__embed\" data=\"https:\/\/isef11-sfe.infd.edu.ar\/sitio\/wp-content\/uploads\/2024\/10\/Disposicion-03-24-scaneada.pdf\" type=\"application\/pdf\" style=\"width:100%;height:600px\" aria-label=\"Incrustado de Disposicion-03-24-scaneada.\"><\/object><a id=\"wp-block-file--media-55d6e96a-71f1-401a-920c-8f16933e711b\" href=\"https:\/\/isef11-sfe.infd.edu.ar\/sitio\/wp-content\/uploads\/2024\/10\/Disposicion-03-24-scaneada.pdf\">Disposicion-03-24-scaneada<\/a><a href=\"https:\/\/isef11-sfe.infd.edu.ar\/sitio\/wp-content\/uploads\/2024\/10\/Disposicion-03-24-scaneada.pdf\" class=\"wp-block-file__button wp-element-button\" download aria-describedby=\"wp-block-file--media-55d6e96a-71f1-401a-920c-8f16933e711b\">Descarga<\/a><\/div>\n\n\n\n<hr class=\"wp-block-separator has-alpha-channel-opacity\"\/>\n\n\n\n<p class=\"has-text-align-center\"><strong>ANEXO N\u00b0 1 &#8211; Disposici\u00f3n DEC 001\/24<br>INSCRIPCI\u00d3N A SUPLENCIAS Y CONCURSO DE PROYECTOS PARA PLANES DE<br>EXTENSI\u00d3N A LA COMUNIDAD 2024<\/strong><br><\/p>\n\n\n\n<p>El Departamento de Extensi\u00f3n a la Comunidad del ISEF N\u00b0 11, abre la inscripci\u00f3n<br>para Suplencias1 y Concurso a trav\u00e9s Proyectos2 para Nuevos Planes en el marco<br>de la Extensi\u00f3n Comunitaria para docentes con t\u00edtulo de Profesor\/a de Educaci\u00f3n<br>F\u00edsica (excluyente).<\/p>\n\n\n\n<p><br><strong>DOCUMENTACI\u00d3N A PRESENTAR:<\/strong><br>En el cuadro inferior en los \u00edtems 1,2 y 3 detallamos la documentaci\u00f3n que debe<br>completarse a trav\u00e9s del siguiente link:  <\/p>\n\n\n\n<p><a rel=\"noreferrer noopener\" href=\"https:\/\/forms.gle\/ZLg7w4n4jv6mVPAt5\" target=\"_blank\">https:\/\/forms.gle\/ZLg7w4n4jv6mVPAt5<\/a> <\/p>\n\n\n\n<p>Finalizada, deber\u00e1 acercarse a fotocopiadora de lunes a viernes de 10 a 18 hs., para<br>retirar los formularios y entregarlos en formato papel por mesa de entradas: en el<br>horario de 8 a 12 hs. o de 13 a 18 hs.<br>En el caso del \u00edtem N\u00b0 3, la presentaci\u00f3n del proyecto tambi\u00e9n deber\u00e1 ser enviada<br>en formato PDF, al siguiente correo electr\u00f3nico: decisef11@gmail.com. Colocar en<br>el asunto: DNI \u2013 APELLIDOS Y NOMBRES.<\/p>\n\n\n\n<figure class=\"wp-block-table\"><table><tbody><tr><td>N\u00b01: Formulario de inscripci\u00f3n<\/td><\/tr><tr><td>N\u00b02: Formulario de carga para antecedentes, la ponderaci\u00f3n de antecedentes se<br>realizar\u00e1 por el decreto 3029\/12, ver ANEXO N\u00b0 2 (la entrega de documentaci\u00f3n<br>debe ser por copia certificada o copia fiel por autoridad)<\/td><\/tr><tr><td>N\u00b03: Para la presentaci\u00f3n de Proyecto de Extensi\u00f3n a la Comunidad (solo para<br>concursar en planes) ANEXO N\u00b0 3<\/td><\/tr><\/tbody><\/table><\/figure>\n\n\n\n<p><br>1 La inscripci\u00f3n a Suplencias, se realizar\u00e1 a trav\u00e9s de la ponderaci\u00f3n de antecedentes por el decreto 3029\/12<br>atendiendo la especificidad en el \u00e1mbito No escolar, anexo N\u00b0 2.<br>2 Para presentarse al concurso de planes tambi\u00e9n deber\u00e1 presentar el Proyecto de acuerdo al solicitado en el<br>anexo N\u00b0 3.<\/p>\n\n\n\n<p><strong>FECHAS DE INSCRIPCI\u00d3N Y ENTREGA DE PROYECTOS<br>INFORMACI\u00d3N PRESENCIAL PARA LA INSCRIPCI\u00d3N Y PRESENTACI\u00d3N DE PROYECTOS:<\/strong><\/p>\n\n\n\n<ul>\n<li>05 y 06\/06\/24 de 9.00 a 11.00 hs. en la oficina D.E.C<br>PERIODO DE INSCRIPCI\u00d3N, ENTREGA DE PROYECTOS Y ANTECEDENTES:<\/li>\n\n\n\n<li>Del 03\/06\/2024 al 14\/06\/2024.<br>PERIODO DE EVALUACI\u00d3N: PONDERACI\u00d3N DE ANTECEDENTES Y PROYECTOS:<\/li>\n\n\n\n<li>Del 17\/06\/2024 al 21\/06\/2024.<br>FECHA EXPOSICI\u00d3N Y DEFENSA DE PROYECTOS:<\/li>\n\n\n\n<li>Del 24 al 25 \/06\/ 2024. Horario a confirmar.<br>PUBLICACI\u00d3N DE ESCALAFONES PROVISORIOS:<\/li>\n\n\n\n<li>Desde el 27\/06\/2024.<br>PERIODO DE RECLAMOS E IMPUGNACI\u00d3N:<\/li>\n\n\n\n<li>Del 27\/06\/2024 al 03\/07\/24.<br>PUBLICACI\u00d3N DE ESCALAFONES DEFINITIVOS:<\/li>\n\n\n\n<li>Del 04\/07\/24.<\/li>\n<\/ul>\n\n\n\n<p><strong>Ponderaci\u00f3n de antecedentes<\/strong><\/p>\n\n\n\n<div class=\"wp-block-buttons is-layout-flex\">\n<div class=\"wp-block-button\"><a class=\"wp-block-button__link has-accent-background-color has-background wp-element-button\" href=\"https:\/\/drive.google.com\/file\/d\/1NJkLAw3rXuPMe18J7054pfUksYyQQZrg\/view?usp=drive_link\" target=\"_blank\" rel=\"noreferrer noopener\">ANEXO 2<\/a><\/div>\n<\/div>\n\n\n\n<p><strong>Marco para la presentaci\u00f3n de proyectos<\/strong><\/p>\n\n\n\n<div class=\"wp-block-buttons is-layout-flex\">\n<div class=\"wp-block-button\"><a class=\"wp-block-button__link has-accent-background-color has-background wp-element-button\" href=\"https:\/\/drive.google.com\/file\/d\/1Q1bXSOdUeBdk1ZI6WqeOVKIPaRoNnW9w\/view?usp=sharing\" target=\"_blank\" rel=\"noreferrer noopener\">ANEXO 3<\/a><\/div>\n<\/div>\n","protected":false},"excerpt":{"rendered":"<p>Escalaf\u00f3n definitivo. Disposici\u00f3n 03\/2024 &#8211; Departamento de Extensi\u00f3n a la Comunidad ANEXO N\u00b0 1 &#8211; Disposici\u00f3n DEC 001\/24INSCRIPCI\u00d3N A SUPLENCIAS Y CONCURSO DE PROYECTOS PARA PLANES DEEXTENSI\u00d3N A LA COMUNIDAD 2024 El Departamento de Extensi\u00f3n a la Comunidad del ISEF N\u00b0 11, abre la inscripci\u00f3npara Suplencias1 y Concurso a trav\u00e9s Proyectos2 para Nuevos Planes en &#8230; <a title=\"Suplencias y Concursos D.E.C. 2024\" class=\"read-more\" href=\"https:\/\/isef11-sfe.infd.edu.ar\/sitio\/suplencias-y-concursos-d-e-c-2024\/\" aria-label=\"More on Suplencias y Concursos D.E.C. 2024\">[+]<\/a><\/p>\n","protected":false},"author":74,"featured_media":1574,"parent":0,"menu_order":0,"comment_status":"closed","ping_status":"closed","template":"","meta":[],"acf":[],"_links":{"self":[{"href":"https:\/\/isef11-sfe.infd.edu.ar\/sitio\/wp-json\/wp\/v2\/pages\/2042"}],"collection":[{"href":"https:\/\/isef11-sfe.infd.edu.ar\/sitio\/wp-json\/wp\/v2\/pages"}],"about":[{"href":"https:\/\/isef11-sfe.infd.edu.ar\/sitio\/wp-json\/wp\/v2\/types\/page"}],"author":[{"embeddable":true,"href":"https:\/\/isef11-sfe.infd.edu.ar\/sitio\/wp-json\/wp\/v2\/users\/74"}],"replies":[{"embeddable":true,"href":"https:\/\/isef11-sfe.infd.edu.ar\/sitio\/wp-json\/wp\/v2\/comments?post=2042"}],"version-history":[{"count":13,"href":"https:\/\/isef11-sfe.infd.edu.ar\/sitio\/wp-json\/wp\/v2\/pages\/2042\/revisions"}],"predecessor-version":[{"id":2131,"href":"https:\/\/isef11-sfe.infd.edu.ar\/sitio\/wp-json\/wp\/v2\/pages\/2042\/revisions\/2131"}],"wp:featuredmedia":[{"embeddable":true,"href":"https:\/\/isef11-sfe.infd.edu.ar\/sitio\/wp-json\/wp\/v2\/media\/1574"}],"wp:attachment":[{"href":"https:\/\/isef11-sfe.infd.edu.ar\/sitio\/wp-json\/wp\/v2\/media?parent=2042"}],"curies":[{"name":"wp","href":"https:\/\/api.w.org\/{rel}","templated":true}]}}