{"id":1633,"date":"2023-11-08T14:45:07","date_gmt":"2023-11-08T17:45:07","guid":{"rendered":"https:\/\/isef11-sfe.infd.edu.ar\/sitio\/?page_id=1633"},"modified":"2023-12-01T11:45:58","modified_gmt":"2023-12-01T14:45:58","slug":"fechas-de-examenes","status":"publish","type":"page","link":"https:\/\/isef11-sfe.infd.edu.ar\/sitio\/fechas-de-examenes\/","title":{"rendered":"MESAS DE EX\u00c1MENES"},"content":{"rendered":"\n<p><\/p>\n\n\n\n<div class=\"wp-block-columns alignwide is-layout-flex wp-container-10\" style=\"margin-bottom:0\">\n<div class=\"wp-block-column has-text-color has-background has-link-color wp-elements-05e721d95d23987325519baf0f495421 is-layout-flow\" style=\"color:#000000;background-color:#ffe97d;padding-top:2em;padding-right:2em;padding-bottom:2em;padding-left:2em\"><div class=\"wp-block-image\">\n<figure class=\"aligncenter size-full is-resized\"><img decoding=\"async\" loading=\"lazy\" src=\"https:\/\/isef11-sfe.infd.edu.ar\/sitio\/wp-content\/uploads\/2023\/11\/EPI-REDONDO-ISEF-11.png\" alt=\"\" class=\"wp-image-1674\" width=\"-226\" height=\"-226\" srcset=\"https:\/\/isef11-sfe.infd.edu.ar\/sitio\/wp-content\/uploads\/2023\/11\/EPI-REDONDO-ISEF-11.png 1024w, https:\/\/isef11-sfe.infd.edu.ar\/sitio\/wp-content\/uploads\/2023\/11\/EPI-REDONDO-ISEF-11-1000x1000.png 1000w, https:\/\/isef11-sfe.infd.edu.ar\/sitio\/wp-content\/uploads\/2023\/11\/EPI-REDONDO-ISEF-11-500x500.png 500w, https:\/\/isef11-sfe.infd.edu.ar\/sitio\/wp-content\/uploads\/2023\/11\/EPI-REDONDO-ISEF-11-768x768.png 768w\" sizes=\"(max-width: 1024px) 100vw, 1024px\" \/><\/figure><\/div>\n\n\n<h2 class=\"has-text-align-center wp-block-heading\" id=\"single\" style=\"font-size:18px\">Profesorado de Educaci\u00f3n F\u00edsica<\/h2>\n\n\n\n<hr class=\"wp-block-separator has-text-color has-css-opacity has-background is-style-wide\" style=\"background-color:#000000;color:#000000\"\/>\n\n\n\n<div class=\"wp-block-buttons is-content-justification-center is-layout-flex wp-container-1\"><\/div>\n\n\n\n<div class=\"wp-block-buttons alignfull is-horizontal is-content-justification-center is-layout-flex wp-container-2\">\n<div class=\"wp-block-button\"><a class=\"wp-block-button__link wp-element-button\" href=\"https:\/\/drive.google.com\/file\/d\/1LT5_35vAARed3yDl-HtiGQaspmD_1-7l\/view?usp=drive_link\" target=\"_blank\" rel=\"noreferrer noopener\"> Diciembre 2023<\/a><\/div>\n<\/div>\n<\/div>\n\n\n\n<div class=\"wp-block-column has-text-color has-background has-link-color wp-elements-2c43ea796e9ad9c77ad9efae680396a8 is-layout-flow\" style=\"color:#000000;background-color:#ffe97d;padding-top:2em;padding-right:2em;padding-bottom:2em;padding-left:2em\"><div class=\"wp-block-image\">\n<figure class=\"aligncenter size-full is-resized\"><img decoding=\"async\" loading=\"lazy\" src=\"https:\/\/isef11-sfe.infd.edu.ar\/sitio\/wp-content\/uploads\/2023\/11\/EPI-REDONDO-ISEF-11.png\" alt=\"\" class=\"wp-image-1674\" width=\"-226\" height=\"-226\" srcset=\"https:\/\/isef11-sfe.infd.edu.ar\/sitio\/wp-content\/uploads\/2023\/11\/EPI-REDONDO-ISEF-11.png 1024w, https:\/\/isef11-sfe.infd.edu.ar\/sitio\/wp-content\/uploads\/2023\/11\/EPI-REDONDO-ISEF-11-1000x1000.png 1000w, https:\/\/isef11-sfe.infd.edu.ar\/sitio\/wp-content\/uploads\/2023\/11\/EPI-REDONDO-ISEF-11-500x500.png 500w, https:\/\/isef11-sfe.infd.edu.ar\/sitio\/wp-content\/uploads\/2023\/11\/EPI-REDONDO-ISEF-11-768x768.png 768w\" sizes=\"(max-width: 1024px) 100vw, 1024px\" \/><\/figure><\/div>\n\n\n<h2 class=\"has-text-align-center wp-block-heading\" id=\"single\" style=\"font-size:18px\">EPI &#8211; GUARDAVIDAS<\/h2>\n\n\n\n<hr class=\"wp-block-separator has-text-color has-css-opacity has-background is-style-wide\" style=\"background-color:#000000;color:#000000\"\/>\n\n\n\n<div class=\"wp-block-buttons alignfull is-horizontal is-content-justification-center is-layout-flex wp-container-4\">\n<div class=\"wp-block-button\"><a class=\"wp-block-button__link wp-element-button\" href=\"https:\/\/drive.google.com\/file\/d\/1OmnRJfmT8SMihN5GD8jWPBW94uxqE6wj\/view?usp=drive_link\" target=\"_blank\" rel=\"noreferrer noopener\">Cronograma<\/a><\/div>\n<\/div>\n<\/div>\n\n\n\n<div class=\"wp-block-column has-text-color has-background has-link-color wp-elements-7e17cda651d7f656caf2a094d32eb316 is-layout-flow\" style=\"color:#000000;background-color:#ffe97d;padding-top:2em;padding-right:2em;padding-bottom:2em;padding-left:2em\"><div class=\"wp-block-image\">\n<figure class=\"aligncenter size-full is-resized\"><img decoding=\"async\" loading=\"lazy\" src=\"https:\/\/isef11-sfe.infd.edu.ar\/sitio\/wp-content\/uploads\/2023\/11\/EPI-REDONDO-ISEF-11.png\" alt=\"\" class=\"wp-image-1674\" width=\"-100\" height=\"-100\" srcset=\"https:\/\/isef11-sfe.infd.edu.ar\/sitio\/wp-content\/uploads\/2023\/11\/EPI-REDONDO-ISEF-11.png 1024w, https:\/\/isef11-sfe.infd.edu.ar\/sitio\/wp-content\/uploads\/2023\/11\/EPI-REDONDO-ISEF-11-1000x1000.png 1000w, https:\/\/isef11-sfe.infd.edu.ar\/sitio\/wp-content\/uploads\/2023\/11\/EPI-REDONDO-ISEF-11-500x500.png 500w, https:\/\/isef11-sfe.infd.edu.ar\/sitio\/wp-content\/uploads\/2023\/11\/EPI-REDONDO-ISEF-11-768x768.png 768w\" sizes=\"(max-width: 1024px) 100vw, 1024px\" \/><\/figure><\/div>\n\n\n<h2 class=\"has-text-align-center wp-block-heading\" id=\"single\" style=\"font-size:18px\">EPI &#8211; DIRECTOR T\u00c9CNICO DE F\u00daTBOL \/ INST F\u00daTBOL INFANTIL<\/h2>\n\n\n\n<hr class=\"wp-block-separator has-text-color has-css-opacity has-background is-style-wide\" style=\"background-color:#000000;color:#000000\"\/>\n\n\n\n<div class=\"wp-block-buttons alignfull is-horizontal is-content-justification-center is-layout-flex wp-container-6\">\n<div class=\"wp-block-button\"><a class=\"wp-block-button__link wp-element-button\" href=\"https:\/\/drive.google.com\/file\/d\/1mBStOE5HZiOGTBuzMDLDSLaAydwZVVMx\/view?usp=drive_link\" target=\"_blank\" rel=\"noreferrer noopener\">Cronograma<\/a><\/div>\n<\/div>\n<\/div>\n\n\n\n<div class=\"wp-block-column is-vertically-aligned-top has-text-color has-background has-link-color wp-elements-9fd4fee5f3eee85add69b9959f94c562 is-layout-flow\" style=\"color:#000000;background-color:#ffe97d;padding-top:2em;padding-right:2em;padding-bottom:2em;padding-left:2em\"><div class=\"wp-block-image\">\n<figure class=\"aligncenter size-medium\"><img decoding=\"async\" loading=\"lazy\" width=\"1000\" height=\"1000\" src=\"https:\/\/isef11-sfe.infd.edu.ar\/sitio\/wp-content\/uploads\/2023\/11\/EPI-REDONDO-ISEF-11-1000x1000.png\" alt=\"\" class=\"wp-image-1674\" srcset=\"https:\/\/isef11-sfe.infd.edu.ar\/sitio\/wp-content\/uploads\/2023\/11\/EPI-REDONDO-ISEF-11-1000x1000.png 1000w, https:\/\/isef11-sfe.infd.edu.ar\/sitio\/wp-content\/uploads\/2023\/11\/EPI-REDONDO-ISEF-11-500x500.png 500w, https:\/\/isef11-sfe.infd.edu.ar\/sitio\/wp-content\/uploads\/2023\/11\/EPI-REDONDO-ISEF-11-768x768.png 768w, https:\/\/isef11-sfe.infd.edu.ar\/sitio\/wp-content\/uploads\/2023\/11\/EPI-REDONDO-ISEF-11.png 1024w\" sizes=\"(max-width: 1000px) 100vw, 1000px\" \/><\/figure><\/div>\n\n\n<h2 class=\"has-text-align-center wp-block-heading\" id=\"single\" style=\"font-size:18px\">EPI &#8211; PERIODISMO DEPORTIVO<\/h2>\n\n\n\n<hr class=\"wp-block-separator has-text-color has-css-opacity has-background is-style-wide\" style=\"background-color:#000000;color:#000000\"\/>\n\n\n\n<div class=\"wp-block-buttons alignfull is-horizontal is-content-justification-center is-layout-flex wp-container-8\">\n<div class=\"wp-block-button is-style-fill\"><a class=\"wp-block-button__link wp-element-button\" href=\"https:\/\/drive.google.com\/file\/d\/1Z22n4o9dqIEP3TTAyHzJE_xYzdz6cpI4\/view?usp=drive_link\" target=\"_blank\" rel=\"noreferrer noopener\">1er turno<\/a><\/div>\n\n\n\n<div class=\"wp-block-button\"><a class=\"wp-block-button__link wp-element-button\" href=\"https:\/\/drive.google.com\/file\/d\/19Ckvig5ssPh7Q5T6qFiVOismsFGkkUHM\/view?usp=drive_link\" target=\"_blank\" rel=\"noreferrer noopener\">2do turno<\/a><\/div>\n<\/div>\n<\/div>\n<\/div>\n\n\n\n<p><\/p>\n","protected":false},"excerpt":{"rendered":"<p>Profesorado de Educaci\u00f3n F\u00edsica EPI &#8211; GUARDAVIDAS EPI &#8211; DIRECTOR T\u00c9CNICO DE F\u00daTBOL \/ INST F\u00daTBOL INFANTIL EPI &#8211; PERIODISMO DEPORTIVO<\/p>\n","protected":false},"author":7,"featured_media":0,"parent":0,"menu_order":0,"comment_status":"closed","ping_status":"closed","template":"","meta":[],"acf":[],"_links":{"self":[{"href":"https:\/\/isef11-sfe.infd.edu.ar\/sitio\/wp-json\/wp\/v2\/pages\/1633"}],"collection":[{"href":"https:\/\/isef11-sfe.infd.edu.ar\/sitio\/wp-json\/wp\/v2\/pages"}],"about":[{"href":"https:\/\/isef11-sfe.infd.edu.ar\/sitio\/wp-json\/wp\/v2\/types\/page"}],"author":[{"embeddable":true,"href":"https:\/\/isef11-sfe.infd.edu.ar\/sitio\/wp-json\/wp\/v2\/users\/7"}],"replies":[{"embeddable":true,"href":"https:\/\/isef11-sfe.infd.edu.ar\/sitio\/wp-json\/wp\/v2\/comments?post=1633"}],"version-history":[{"count":27,"href":"https:\/\/isef11-sfe.infd.edu.ar\/sitio\/wp-json\/wp\/v2\/pages\/1633\/revisions"}],"predecessor-version":[{"id":1827,"href":"https:\/\/isef11-sfe.infd.edu.ar\/sitio\/wp-json\/wp\/v2\/pages\/1633\/revisions\/1827"}],"wp:attachment":[{"href":"https:\/\/isef11-sfe.infd.edu.ar\/sitio\/wp-json\/wp\/v2\/media?parent=1633"}],"curies":[{"name":"wp","href":"https:\/\/api.w.org\/{rel}","templated":true}]}}