{"id":1568,"date":"2023-10-27T10:06:52","date_gmt":"2023-10-27T13:06:52","guid":{"rendered":"https:\/\/isef11-sfe.infd.edu.ar\/sitio\/?page_id=1568"},"modified":"2023-11-28T12:28:20","modified_gmt":"2023-11-28T15:28:20","slug":"jornadas","status":"publish","type":"page","link":"https:\/\/isef11-sfe.infd.edu.ar\/sitio\/jornadas\/","title":{"rendered":"Jornadas"},"content":{"rendered":"\n<figure class=\"wp-block-image size-full\"><img decoding=\"async\" loading=\"lazy\" width=\"1000\" height=\"252\" src=\"https:\/\/isef11-sfe.infd.edu.ar\/sitio\/wp-content\/uploads\/2023\/10\/membrete-ISEF-11-1000x252-1.jpg\" alt=\"\" class=\"wp-image-1572\" srcset=\"https:\/\/isef11-sfe.infd.edu.ar\/sitio\/wp-content\/uploads\/2023\/10\/membrete-ISEF-11-1000x252-1.jpg 1000w, https:\/\/isef11-sfe.infd.edu.ar\/sitio\/wp-content\/uploads\/2023\/10\/membrete-ISEF-11-1000x252-1-768x194.jpg 768w\" sizes=\"(max-width: 1000px) 100vw, 1000px\" \/><\/figure>\n\n\n\n<div class=\"wp-block-group alignfull has-background is-layout-flow\" style=\"background-color:#f5eac1;padding-top:6vw;padding-right:6vw;padding-bottom:6vw;padding-left:6vw\"><div class=\"wp-block-group__inner-container\">\n<div class=\"wp-block-group is-vertical is-nowrap is-layout-flex wp-container-1\" style=\"padding-right:0;padding-left:0\">\n<h6 class=\"has-text-align-left wp-block-heading has-text-color\" id=\"ecosystem\" style=\"color:#000000;font-size:30px\">Residentes de nuestro instituto participaron como jueces en la Jornada Pascua Joven realizada en el Seminario San Carlos Borromeo<\/h6>\n\n\n\n<hr class=\"wp-block-separator has-alpha-channel-opacity\"\/>\n<\/div>\n\n\n\n<div class=\"wp-block-group alignwide is-vertical is-nowrap is-layout-flex wp-container-8\" style=\"padding-top:0;padding-right:0;padding-bottom:0;padding-left:0\">\n<div class=\"wp-block-columns alignwide is-layout-flex wp-container-5\">\n<div class=\"wp-block-column is-layout-flow\" style=\"flex-basis:33.38%\">\n<p class=\"has-text-color\" style=\"color:#000000;font-size:17px;text-decoration:none\">En el marco de la realizaci\u00f3n de la Jornada Pascua Joven, residentes del Departamento de Extensi\u00f3n a la Comunidad del Instituto, participaron como jueces de los diferentes eventos deportivos. <br>La organizaci\u00f3n del evento estuvo a cargo del Arzobispado de la Ciudad de Rosario y participaron alumnos y alumnas de escuelas cat\u00f3licas de nuestra ciudad.<\/p>\n\n\n\n<p class=\"has-text-color\" style=\"color:#000000;font-size:17px;text-decoration:none\">Cabe destacar que en el evento participaron m\u00e1s de 40 colegios y que el n\u00famero de participantes se estima en alrededor de 1200.<\/p>\n<\/div>\n\n\n\n<div class=\"wp-block-column is-layout-flow\" style=\"flex-basis:33%\">\n<div style=\"height:2vw\" aria-hidden=\"true\" class=\"wp-block-spacer\"><\/div>\n\n\n\n<figure class=\"wp-block-image size-full is-resized\"><img decoding=\"async\" loading=\"lazy\" src=\"https:\/\/isef11-sfe.infd.edu.ar\/sitio\/wp-content\/uploads\/2023\/11\/WhatsApp-Image-2023-11-28-at-09.59.22.jpeg\" alt=\"\" class=\"wp-image-1809\" width=\"314\" height=\"555\"\/><\/figure>\n<\/div>\n\n\n\n<div class=\"wp-block-column is-layout-flow\" style=\"flex-basis:33.62%\">\n<figure class=\"wp-block-image size-full\"><img decoding=\"async\" loading=\"lazy\" width=\"900\" height=\"1600\" src=\"https:\/\/isef11-sfe.infd.edu.ar\/sitio\/wp-content\/uploads\/2023\/11\/WhatsApp-Image-2023-11-28-at-09.59.54.jpeg\" alt=\"\" class=\"wp-image-1810\" srcset=\"https:\/\/isef11-sfe.infd.edu.ar\/sitio\/wp-content\/uploads\/2023\/11\/WhatsApp-Image-2023-11-28-at-09.59.54.jpeg 900w, https:\/\/isef11-sfe.infd.edu.ar\/sitio\/wp-content\/uploads\/2023\/11\/WhatsApp-Image-2023-11-28-at-09.59.54-563x1000.jpeg 563w, https:\/\/isef11-sfe.infd.edu.ar\/sitio\/wp-content\/uploads\/2023\/11\/WhatsApp-Image-2023-11-28-at-09.59.54-768x1365.jpeg 768w, https:\/\/isef11-sfe.infd.edu.ar\/sitio\/wp-content\/uploads\/2023\/11\/WhatsApp-Image-2023-11-28-at-09.59.54-864x1536.jpeg 864w\" sizes=\"(max-width: 900px) 100vw, 900px\" \/><\/figure>\n<\/div>\n<\/div>\n\n\n\n<div class=\"wp-block-columns alignwide is-layout-flex wp-container-7\">\n<div class=\"wp-block-column is-vertically-aligned-center is-layout-flow\" style=\"flex-basis:33%\"><\/div>\n<\/div>\n<\/div>\n<\/div><\/div>\n","protected":false},"excerpt":{"rendered":"<p>Residentes de nuestro instituto participaron como jueces en la Jornada Pascua Joven realizada en el Seminario San Carlos Borromeo En el marco de la realizaci\u00f3n de la Jornada Pascua Joven, residentes del Departamento de Extensi\u00f3n a la Comunidad del Instituto, participaron como jueces de los diferentes eventos deportivos. La organizaci\u00f3n del evento estuvo a cargo &#8230; <a title=\"Jornadas\" class=\"read-more\" href=\"https:\/\/isef11-sfe.infd.edu.ar\/sitio\/jornadas\/\" aria-label=\"More on Jornadas\">[+]<\/a><\/p>\n","protected":false},"author":7,"featured_media":0,"parent":0,"menu_order":0,"comment_status":"closed","ping_status":"closed","template":"","meta":[],"acf":[],"_links":{"self":[{"href":"https:\/\/isef11-sfe.infd.edu.ar\/sitio\/wp-json\/wp\/v2\/pages\/1568"}],"collection":[{"href":"https:\/\/isef11-sfe.infd.edu.ar\/sitio\/wp-json\/wp\/v2\/pages"}],"about":[{"href":"https:\/\/isef11-sfe.infd.edu.ar\/sitio\/wp-json\/wp\/v2\/types\/page"}],"author":[{"embeddable":true,"href":"https:\/\/isef11-sfe.infd.edu.ar\/sitio\/wp-json\/wp\/v2\/users\/7"}],"replies":[{"embeddable":true,"href":"https:\/\/isef11-sfe.infd.edu.ar\/sitio\/wp-json\/wp\/v2\/comments?post=1568"}],"version-history":[{"count":5,"href":"https:\/\/isef11-sfe.infd.edu.ar\/sitio\/wp-json\/wp\/v2\/pages\/1568\/revisions"}],"predecessor-version":[{"id":1815,"href":"https:\/\/isef11-sfe.infd.edu.ar\/sitio\/wp-json\/wp\/v2\/pages\/1568\/revisions\/1815"}],"wp:attachment":[{"href":"https:\/\/isef11-sfe.infd.edu.ar\/sitio\/wp-json\/wp\/v2\/media?parent=1568"}],"curies":[{"name":"wp","href":"https:\/\/api.w.org\/{rel}","templated":true}]}}