{"id":1255,"date":"2023-10-09T08:46:17","date_gmt":"2023-10-09T11:46:17","guid":{"rendered":"https:\/\/isef11-sfe.infd.edu.ar\/sitio\/?page_id=1255"},"modified":"2026-03-07T18:28:45","modified_gmt":"2026-03-07T21:28:45","slug":"ingresantes-2026","status":"publish","type":"page","link":"https:\/\/isef11-sfe.infd.edu.ar\/sitio\/ingresantes-2026\/","title":{"rendered":"INGRESANTES 2026"},"content":{"rendered":"\n<h4 class=\"wp-block-heading\"><strong>NOTICIAS<\/strong><\/h4>\n\n\n\n<hr class=\"wp-block-separator has-alpha-channel-opacity\"\/>\n\n\n\n<h4 class=\"wp-block-heading\"><strong>INSCRIPCIONES INGRESANTES A\u00d1O LECTIVO 2026 A LAS CARRERAS Y CURSOS DEL I.S.E.F. N\u00b011<\/strong><\/h4>\n\n\n\n<p class=\"has-large-font-size\"><strong>CARRERAS<\/strong><\/p>\n\n\n\n<p><a href=\"https:\/\/www.isef11.com.ar\/sitio\/index.php\/ingresantes-ciclo-lectivo\/periodismo-deportivo\" target=\"_blank\" rel=\"noreferrer noopener\"><strong>T\u00c9CNICO SUPERIOR EN PERIODISMO DEPORTIVO<\/strong><\/a><\/p>\n\n\n\n<p><a href=\"https:\/\/www.isef11.com.ar\/sitio\/index.php\/ingresantes-ciclo-lectivo\/profesorado-en-educacion-fisica\" target=\"_blank\" rel=\"noreferrer noopener\"><strong>PROFESORADO DE EDUCACI\u00d3N F\u00cdSICA<\/strong><\/a><\/p>\n\n\n\n<p class=\"has-large-font-size\"><strong>CURSOS<\/strong><\/p>\n\n\n\n<p><a href=\"https:\/\/www.isef11.com.ar\/sitio\/index.php\/ingresantes-ciclo-lectivo\/guardavidas\" target=\"_blank\" rel=\"noreferrer noopener\"><strong>GUARDAVIDAS<\/strong><\/a><\/p>\n\n\n\n<p><a href=\"https:\/\/www.isef11.com.ar\/sitio\/index.php\/ingresantes-ciclo-lectivo\/instructor-de-futbol-infantil\" target=\"_blank\" rel=\"noreferrer noopener\"><strong>INSTRUCTOR DE F\u00daTBOL INFANTIL<\/strong><\/a><\/p>\n\n\n\n<p><a href=\"https:\/\/www.isef11.com.ar\/sitio\/index.php\/ingresantes-ciclo-lectivo\/director-tecnico-de-futbol\" target=\"_blank\" rel=\"noreferrer noopener\"><strong>DIRECTOR T\u00c9CNICO DE F\u00daTBOL<\/strong><\/a><\/p>\n\n\n\n<hr class=\"wp-block-separator has-alpha-channel-opacity\"\/>\n\n\n\n<p><\/p>\n","protected":false},"excerpt":{"rendered":"<p>NOTICIAS INSCRIPCIONES INGRESANTES A\u00d1O LECTIVO 2026 A LAS CARRERAS Y CURSOS DEL I.S.E.F. N\u00b011 CARRERAS T\u00c9CNICO SUPERIOR EN PERIODISMO DEPORTIVO PROFESORADO DE EDUCACI\u00d3N F\u00cdSICA CURSOS GUARDAVIDAS INSTRUCTOR DE F\u00daTBOL INFANTIL DIRECTOR T\u00c9CNICO DE F\u00daTBOL<\/p>\n","protected":false},"author":7,"featured_media":876,"parent":0,"menu_order":0,"comment_status":"closed","ping_status":"closed","template":"","meta":[],"acf":[],"_links":{"self":[{"href":"https:\/\/isef11-sfe.infd.edu.ar\/sitio\/wp-json\/wp\/v2\/pages\/1255"}],"collection":[{"href":"https:\/\/isef11-sfe.infd.edu.ar\/sitio\/wp-json\/wp\/v2\/pages"}],"about":[{"href":"https:\/\/isef11-sfe.infd.edu.ar\/sitio\/wp-json\/wp\/v2\/types\/page"}],"author":[{"embeddable":true,"href":"https:\/\/isef11-sfe.infd.edu.ar\/sitio\/wp-json\/wp\/v2\/users\/7"}],"replies":[{"embeddable":true,"href":"https:\/\/isef11-sfe.infd.edu.ar\/sitio\/wp-json\/wp\/v2\/comments?post=1255"}],"version-history":[{"count":55,"href":"https:\/\/isef11-sfe.infd.edu.ar\/sitio\/wp-json\/wp\/v2\/pages\/1255\/revisions"}],"predecessor-version":[{"id":2172,"href":"https:\/\/isef11-sfe.infd.edu.ar\/sitio\/wp-json\/wp\/v2\/pages\/1255\/revisions\/2172"}],"wp:featuredmedia":[{"embeddable":true,"href":"https:\/\/isef11-sfe.infd.edu.ar\/sitio\/wp-json\/wp\/v2\/media\/876"}],"wp:attachment":[{"href":"https:\/\/isef11-sfe.infd.edu.ar\/sitio\/wp-json\/wp\/v2\/media?parent=1255"}],"curies":[{"name":"wp","href":"https:\/\/api.w.org\/{rel}","templated":true}]}}