{"id":1229,"date":"2023-10-06T19:36:01","date_gmt":"2023-10-06T22:36:01","guid":{"rendered":"https:\/\/isef11-sfe.infd.edu.ar\/sitio\/?page_id=1229"},"modified":"2024-04-16T20:27:22","modified_gmt":"2024-04-16T23:27:22","slug":"carreras-e-p-i","status":"publish","type":"page","link":"https:\/\/isef11-sfe.infd.edu.ar\/sitio\/carreras-e-p-i\/","title":{"rendered":"CARRERAS E.P.I. &#8211; PLANES DE ESTUDIO"},"content":{"rendered":"\n<p><a href=\"https:\/\/drive.google.com\/file\/d\/1ISrMfHF_GFHWr6S7hBLKk2LGyuMoW-5Z\/view?usp=drive_link\" target=\"_blank\" rel=\"noreferrer noopener\">TECNICATURA EN PERIODISMO DEPORTIVO<\/a><\/p>\n\n\n\n<p><a href=\"https:\/\/drive.google.com\/file\/d\/1tz-C6ZIqs-QYEBOup41T2pf40gJ1sV2P\/view?usp=drive_link\" data-type=\"URL\" data-id=\"https:\/\/drive.google.com\/file\/d\/1tz-C6ZIqs-QYEBOup41T2pf40gJ1sV2P\/view?usp=drive_link\" target=\"_blank\" rel=\"noreferrer noopener\">CURSO DE GUARDAVIDAS<\/a><\/p>\n\n\n\n<p><a href=\"https:\/\/drive.google.com\/file\/d\/1KZoz9PsFp3FQiLvIqoSwx09RmWe58mH0\/view?usp=drive_link\" target=\"_blank\" rel=\"noreferrer noopener\">CURSO DE INSTRUCTOR DE F\u00daTBOL INFANTIL<\/a> <\/p>\n\n\n\n<p><a href=\"https:\/\/drive.google.com\/file\/d\/11e17jP3m-CEhMJrXN6275ovFiS6-BTWT\/view?usp=sharing\" data-type=\"URL\" data-id=\"https:\/\/drive.google.com\/file\/d\/11e17jP3m-CEhMJrXN6275ovFiS6-BTWT\/view?usp=sharing\" target=\"_blank\" rel=\"noreferrer noopener\">CURSO DE DIRECTOR T\u00c9CNICO DE F\u00daTBOL <\/a><\/p>\n\n\n\n<div class=\"wp-block-columns alignwide is-layout-flex wp-container-9\" style=\"margin-bottom:0\">\n<div class=\"wp-block-column has-text-color has-background has-link-color wp-elements-077394952f2527674dd9eeea43e288c7 is-layout-flow\" style=\"color:#000000;background-color:#ffe97d;padding-top:2em;padding-right:2em;padding-bottom:2em;padding-left:2em\"><div class=\"wp-block-image\">\n<figure class=\"aligncenter size-large is-resized\"><img decoding=\"async\" loading=\"lazy\" src=\"https:\/\/isef11-sfe.infd.edu.ar\/sitio\/wp-content\/uploads\/2023\/11\/EPI-REDONDO-ISEF-11.png\" alt=\"\" class=\"wp-image-1674\" width=\"183\" height=\"183\" srcset=\"https:\/\/isef11-sfe.infd.edu.ar\/sitio\/wp-content\/uploads\/2023\/11\/EPI-REDONDO-ISEF-11.png 1024w, https:\/\/isef11-sfe.infd.edu.ar\/sitio\/wp-content\/uploads\/2023\/11\/EPI-REDONDO-ISEF-11-1000x1000.png 1000w, https:\/\/isef11-sfe.infd.edu.ar\/sitio\/wp-content\/uploads\/2023\/11\/EPI-REDONDO-ISEF-11-500x500.png 500w, https:\/\/isef11-sfe.infd.edu.ar\/sitio\/wp-content\/uploads\/2023\/11\/EPI-REDONDO-ISEF-11-768x768.png 768w\" sizes=\"(max-width: 183px) 100vw, 183px\" \/><\/figure><\/div>\n\n\n<h2 class=\"wp-block-heading has-text-align-center\" id=\"single\" style=\"font-size:25px\">TECNICATURA EN PERIODISMO DEPORTIVO<\/h2>\n\n\n\n<p class=\"has-normal-font-size\" style=\"line-height:1.5\"><\/p>\n\n\n\n<hr class=\"wp-block-separator has-text-color has-css-opacity has-background is-style-wide\" style=\"background-color:#000000;color:#000000\"\/>\n\n\n\n<div class=\"wp-block-buttons alignfull is-horizontal is-content-justification-center is-layout-flex wp-container-1\">\n<div class=\"wp-block-button\"><a class=\"wp-block-button__link wp-element-button\" href=\"https:\/\/drive.google.com\/file\/d\/1ISrMfHF_GFHWr6S7hBLKk2LGyuMoW-5Z\/view?usp=drive_link\" target=\"_blank\" rel=\"noreferrer noopener\">PLAN DE ESTUDIOS<\/a><\/div>\n<\/div>\n<\/div>\n\n\n\n<div class=\"wp-block-column has-text-color has-background has-link-color wp-elements-36bcfecb3707cb467b678737e6af6815 is-layout-flow\" style=\"color:#000000;background-color:#ffe97d;padding-top:2em;padding-right:2em;padding-bottom:2em;padding-left:2em\"><div class=\"wp-block-image\">\n<figure class=\"aligncenter size-large is-resized\"><img decoding=\"async\" loading=\"lazy\" src=\"https:\/\/isef11-sfe.infd.edu.ar\/sitio\/wp-content\/uploads\/2023\/11\/EPI-REDONDO-ISEF-11.png\" alt=\"\" class=\"wp-image-1674\" width=\"183\" height=\"183\" srcset=\"https:\/\/isef11-sfe.infd.edu.ar\/sitio\/wp-content\/uploads\/2023\/11\/EPI-REDONDO-ISEF-11.png 1024w, https:\/\/isef11-sfe.infd.edu.ar\/sitio\/wp-content\/uploads\/2023\/11\/EPI-REDONDO-ISEF-11-1000x1000.png 1000w, https:\/\/isef11-sfe.infd.edu.ar\/sitio\/wp-content\/uploads\/2023\/11\/EPI-REDONDO-ISEF-11-500x500.png 500w, https:\/\/isef11-sfe.infd.edu.ar\/sitio\/wp-content\/uploads\/2023\/11\/EPI-REDONDO-ISEF-11-768x768.png 768w\" sizes=\"(max-width: 183px) 100vw, 183px\" \/><\/figure><\/div>\n\n\n<h2 class=\"wp-block-heading has-text-align-center\" id=\"single\" style=\"font-size:25px\">CURSO DE GUARDAVIDAS<\/h2>\n\n\n\n<p class=\"has-normal-font-size\" style=\"line-height:1.5\"><\/p>\n\n\n\n<p><\/p>\n\n\n\n<hr class=\"wp-block-separator has-text-color has-css-opacity has-background is-style-wide\" style=\"background-color:#000000;color:#000000\"\/>\n\n\n\n<div class=\"wp-block-buttons alignfull is-horizontal is-content-justification-center is-layout-flex wp-container-3\">\n<div class=\"wp-block-button\"><a class=\"wp-block-button__link wp-element-button\" href=\"https:\/\/drive.google.com\/file\/d\/1tz-C6ZIqs-QYEBOup41T2pf40gJ1sV2P\/view?usp=drive_link\" target=\"_blank\" rel=\"noreferrer noopener\">PLAN DE ESTUDIOS<\/a><\/div>\n<\/div>\n<\/div>\n\n\n\n<div class=\"wp-block-column has-text-color has-background has-link-color wp-elements-7033bef29edff0850cc0f4b4c3466597 is-layout-flow\" style=\"color:#000000;background-color:#ffe97d;padding-top:2em;padding-right:2em;padding-bottom:2em;padding-left:2em\"><div class=\"wp-block-image\">\n<figure class=\"aligncenter size-large is-resized\"><img decoding=\"async\" loading=\"lazy\" src=\"https:\/\/isef11-sfe.infd.edu.ar\/sitio\/wp-content\/uploads\/2023\/11\/EPI-REDONDO-ISEF-11.png\" alt=\"\" class=\"wp-image-1674\" width=\"183\" height=\"183\" srcset=\"https:\/\/isef11-sfe.infd.edu.ar\/sitio\/wp-content\/uploads\/2023\/11\/EPI-REDONDO-ISEF-11.png 1024w, https:\/\/isef11-sfe.infd.edu.ar\/sitio\/wp-content\/uploads\/2023\/11\/EPI-REDONDO-ISEF-11-1000x1000.png 1000w, https:\/\/isef11-sfe.infd.edu.ar\/sitio\/wp-content\/uploads\/2023\/11\/EPI-REDONDO-ISEF-11-500x500.png 500w, https:\/\/isef11-sfe.infd.edu.ar\/sitio\/wp-content\/uploads\/2023\/11\/EPI-REDONDO-ISEF-11-768x768.png 768w\" sizes=\"(max-width: 183px) 100vw, 183px\" \/><\/figure><\/div>\n\n\n<h2 class=\"wp-block-heading has-text-align-center\" id=\"single\" style=\"font-size:25px\">DIRECTOR T\u00c9CNICO DE F\u00daTBOL <\/h2>\n\n\n\n<p class=\"has-normal-font-size\" style=\"line-height:1.5\"><\/p>\n\n\n\n<hr class=\"wp-block-separator has-text-color has-css-opacity has-background is-style-wide\" style=\"background-color:#000000;color:#000000\"\/>\n\n\n\n<div class=\"wp-block-buttons alignfull is-horizontal is-content-justification-center is-layout-flex wp-container-5\">\n<div class=\"wp-block-button\"><a class=\"wp-block-button__link wp-element-button\" href=\"https:\/\/drive.google.com\/file\/d\/11e17jP3m-CEhMJrXN6275ovFiS6-BTWT\/view?usp=sharing\" target=\"_blank\" rel=\"noreferrer noopener\">PLAN DE ESTUDIOS<\/a><\/div>\n<\/div>\n<\/div>\n\n\n\n<div class=\"wp-block-column has-text-color has-background has-link-color wp-elements-0cd5cac8b25f80b6ecc431b5f0862120 is-layout-flow\" style=\"color:#000000;background-color:#ffe97d;padding-top:2em;padding-right:2em;padding-bottom:2em;padding-left:2em\"><div class=\"wp-block-image\">\n<figure class=\"aligncenter size-large is-resized\"><img decoding=\"async\" loading=\"lazy\" src=\"https:\/\/isef11-sfe.infd.edu.ar\/sitio\/wp-content\/uploads\/2023\/11\/EPI-REDONDO-ISEF-11.png\" alt=\"\" class=\"wp-image-1674\" width=\"183\" height=\"183\" srcset=\"https:\/\/isef11-sfe.infd.edu.ar\/sitio\/wp-content\/uploads\/2023\/11\/EPI-REDONDO-ISEF-11.png 1024w, https:\/\/isef11-sfe.infd.edu.ar\/sitio\/wp-content\/uploads\/2023\/11\/EPI-REDONDO-ISEF-11-1000x1000.png 1000w, https:\/\/isef11-sfe.infd.edu.ar\/sitio\/wp-content\/uploads\/2023\/11\/EPI-REDONDO-ISEF-11-500x500.png 500w, https:\/\/isef11-sfe.infd.edu.ar\/sitio\/wp-content\/uploads\/2023\/11\/EPI-REDONDO-ISEF-11-768x768.png 768w\" sizes=\"(max-width: 183px) 100vw, 183px\" \/><\/figure><\/div>\n\n\n<h2 class=\"wp-block-heading has-text-align-center\" id=\"single\" style=\"font-size:25px\">INSTRUCTOR DE F\u00daTBOL INFANTIL  <\/h2>\n\n\n\n<p class=\"has-normal-font-size\" style=\"line-height:1.5\"><\/p>\n\n\n\n<hr class=\"wp-block-separator has-text-color has-css-opacity has-background is-style-wide\" style=\"background-color:#000000;color:#000000\"\/>\n\n\n\n<div class=\"wp-block-buttons alignfull is-horizontal is-content-justification-center is-layout-flex wp-container-7\">\n<div class=\"wp-block-button\"><a class=\"wp-block-button__link wp-element-button\" href=\"https:\/\/drive.google.com\/file\/d\/1KZoz9PsFp3FQiLvIqoSwx09RmWe58mH0\/view?usp=drive_link\" target=\"_blank\" rel=\"noreferrer noopener\">PLAN DE ESTUDIOS<\/a><\/div>\n<\/div>\n<\/div>\n<\/div>\n","protected":false},"excerpt":{"rendered":"<p>TECNICATURA EN PERIODISMO DEPORTIVO CURSO DE GUARDAVIDAS CURSO DE INSTRUCTOR DE F\u00daTBOL INFANTIL CURSO DE DIRECTOR T\u00c9CNICO DE F\u00daTBOL TECNICATURA EN PERIODISMO DEPORTIVO CURSO DE GUARDAVIDAS DIRECTOR T\u00c9CNICO DE F\u00daTBOL INSTRUCTOR DE F\u00daTBOL INFANTIL<\/p>\n","protected":false},"author":74,"featured_media":948,"parent":0,"menu_order":0,"comment_status":"closed","ping_status":"closed","template":"","meta":[],"acf":[],"_links":{"self":[{"href":"https:\/\/isef11-sfe.infd.edu.ar\/sitio\/wp-json\/wp\/v2\/pages\/1229"}],"collection":[{"href":"https:\/\/isef11-sfe.infd.edu.ar\/sitio\/wp-json\/wp\/v2\/pages"}],"about":[{"href":"https:\/\/isef11-sfe.infd.edu.ar\/sitio\/wp-json\/wp\/v2\/types\/page"}],"author":[{"embeddable":true,"href":"https:\/\/isef11-sfe.infd.edu.ar\/sitio\/wp-json\/wp\/v2\/users\/74"}],"replies":[{"embeddable":true,"href":"https:\/\/isef11-sfe.infd.edu.ar\/sitio\/wp-json\/wp\/v2\/comments?post=1229"}],"version-history":[{"count":13,"href":"https:\/\/isef11-sfe.infd.edu.ar\/sitio\/wp-json\/wp\/v2\/pages\/1229\/revisions"}],"predecessor-version":[{"id":2025,"href":"https:\/\/isef11-sfe.infd.edu.ar\/sitio\/wp-json\/wp\/v2\/pages\/1229\/revisions\/2025"}],"wp:featuredmedia":[{"embeddable":true,"href":"https:\/\/isef11-sfe.infd.edu.ar\/sitio\/wp-json\/wp\/v2\/media\/948"}],"wp:attachment":[{"href":"https:\/\/isef11-sfe.infd.edu.ar\/sitio\/wp-json\/wp\/v2\/media?parent=1229"}],"curies":[{"name":"wp","href":"https:\/\/api.w.org\/{rel}","templated":true}]}}