{"id":1149,"date":"2023-09-26T13:03:28","date_gmt":"2023-09-26T16:03:28","guid":{"rendered":"https:\/\/isef11-sfe.infd.edu.ar\/sitio\/?page_id=1149"},"modified":"2024-09-23T18:14:25","modified_gmt":"2024-09-23T21:14:25","slug":"noticias","status":"publish","type":"page","link":"https:\/\/isef11-sfe.infd.edu.ar\/sitio\/noticias\/","title":{"rendered":"Noticias"},"content":{"rendered":"\n<p class=\"has-accent-color has-text-color has-large-font-size\"><strong>REQUISITOS ELECTORES 2024<\/strong><\/p>\n\n\n\n<div class=\"wp-block-file\"><object class=\"wp-block-file__embed\" data=\"https:\/\/isef11-sfe.infd.edu.ar\/sitio\/wp-content\/uploads\/2024\/09\/REQUISITOS-ELECTORES-2024-1-1.pdf\" type=\"application\/pdf\" style=\"width:100%;height:600px\" aria-label=\"Incrustado de REQUISITOS-ELECTORES-2024-1-1.\"><\/object><a id=\"wp-block-file--media-92ecbee6-e7d5-4691-ad76-6c9abe4dd503\" href=\"https:\/\/isef11-sfe.infd.edu.ar\/sitio\/wp-content\/uploads\/2024\/09\/REQUISITOS-ELECTORES-2024-1-1.pdf\">REQUISITOS-ELECTORES-2024-1-1<\/a><a href=\"https:\/\/isef11-sfe.infd.edu.ar\/sitio\/wp-content\/uploads\/2024\/09\/REQUISITOS-ELECTORES-2024-1-1.pdf\" class=\"wp-block-file__button wp-element-button\" download aria-describedby=\"wp-block-file--media-92ecbee6-e7d5-4691-ad76-6c9abe4dd503\">Descarga<\/a><\/div>\n\n\n\n<p class=\"has-accent-color has-text-color has-large-font-size\"><strong>CRONOGRAMA ELECTORAL 2024<\/strong><\/p>\n\n\n\n<div class=\"wp-block-file\"><a href=\"blob:https:\/\/isef11-sfe.infd.edu.ar\/8e0f24dc-3ece-4ddf-85da-1e9290835d65\" class=\"wp-block-file__button wp-element-button\" download>Descarga<\/a><\/div>\n\n\n\n<div class=\"wp-block-file\"><object class=\"wp-block-file__embed\" data=\"https:\/\/isef11-sfe.infd.edu.ar\/sitio\/wp-content\/uploads\/2024\/09\/CRONOGRAMA-ELECTORAL-2024.pdf\" type=\"application\/pdf\" style=\"width:100%;height:600px\" aria-label=\"Incrustado de CRONOGRAMA-ELECTORAL-2024.\"><\/object><a id=\"wp-block-file--media-e253199e-d587-4391-83d9-3cb1a4993e85\" href=\"https:\/\/isef11-sfe.infd.edu.ar\/sitio\/wp-content\/uploads\/2024\/09\/CRONOGRAMA-ELECTORAL-2024.pdf\">CRONOGRAMA-ELECTORAL-2024<\/a><a href=\"https:\/\/isef11-sfe.infd.edu.ar\/sitio\/wp-content\/uploads\/2024\/09\/CRONOGRAMA-ELECTORAL-2024.pdf\" class=\"wp-block-file__button wp-element-button\" download aria-describedby=\"wp-block-file--media-e253199e-d587-4391-83d9-3cb1a4993e85\">Descarga<\/a><\/div>\n\n\n\n<hr class=\"wp-block-separator has-alpha-channel-opacity\"\/>\n\n\n\n<p class=\"has-accent-color has-text-color has-large-font-size\"><strong>CONVOCATORIA PARA JUNTA ELECTORAL<\/strong><\/p>\n\n\n\n<p class=\"has-medium-font-size\"><strong>Estimada Comunidad Educativa:<\/strong><\/p>\n\n\n\n<p class=\"has-medium-font-size\">A partir del d\u00eda de la Fecha y por cinco d\u00edas h\u00e1biles, el Consejo<br>Superior,por resoluci\u00f3n n\u00ba 1209 votada en la reuni\u00f3n del d\u00eda 02 de<br>Setiembre,&nbsp; convoca a los integrantes de los distintos claustros a<br>participar de la&nbsp; Junta Electoral , que llevara a cabo las elecciones de<br>Consejeros Superiores y Acad\u00e9micos del a\u00f1o 2024 de los claustros<br>Docentes, Administrativos y de Servicio, Estudiantes y Graduados. Para<br>ello deber\u00e1n presentar por Mesa de Entradas una nota indicando la<br>intenci\u00f3n de participar y colocando los siguientes datos personales:<br>Nombre y apellido- Claustro al que pertenece- DNI- correo personal y<br>tel\u00e9fono.<\/p>\n\n\n\n<p class=\"has-medium-font-size\">&nbsp; Prof. Fernando Criado<br>&nbsp; Direcci\u00f3n General ISEF N\u00ba11<br>&nbsp; Av. Ovidio Lagos 1997\/2001- Rosario<br>&nbsp; 1944\/2024- 80 a\u00f1os de Nuestro ISEF n\u00ba11<\/p>\n\n\n\n<hr class=\"wp-block-separator alignwide has-alpha-channel-opacity\"\/>\n\n\n\n<h2 class=\"wp-block-heading\">E.P.I.<\/h2>\n\n\n\n<h2 class=\"wp-block-heading\"><a href=\"https:\/\/isef11-sfe.infd.edu.ar\/sitio\/epi\/?preview_id=754&amp;preview_nonce=0576847aca&amp;preview=true&amp;_thumbnail_id=948\" target=\"_blank\" rel=\"noreferrer noopener\">Convocatoria a inscripci\u00f3n para Interinatos y Suplencias<\/a><\/h2>\n\n\n\n<hr class=\"wp-block-separator alignwide has-text-color has-contrast-2-color has-alpha-channel-opacity has-contrast-2-background-color has-background is-style-wide\"\/>\n\n\n\n<p><a href=\"https:\/\/drive.google.com\/file\/d\/1TN4DQoAYV5lmSb-nhhlzBay9gAIRsqNJ\/view?usp=drive_link\" data-type=\"URL\" data-id=\"https:\/\/drive.google.com\/file\/d\/1TN4DQoAYV5lmSb-nhhlzBay9gAIRsqNJ\/view?usp=drive_link\" target=\"_blank\" rel=\"noreferrer noopener\">MEMORIA DE GESTI\u00d3N &#8211; 2023 &#8211; DIRECCI\u00d3N GENERAL <\/a><\/p>\n\n\n\n<hr class=\"wp-block-separator has-alpha-channel-opacity\"\/>\n\n\n\n<div class=\"wp-block-columns is-layout-flex wp-container-11\" style=\"margin-bottom:0\">\n<div class=\"wp-block-column has-text-color has-background has-link-color wp-elements-1c9321e76b35096ee8f332931afd2e71 is-layout-flow\" style=\"color:#000000;background-color:#ffe97d;padding-top:2em;padding-right:2em;padding-bottom:2em;padding-left:2em;flex-basis:300px\">\n<h2 class=\"wp-block-heading\" id=\"single\" style=\"font-size:40px\"><strong>Felicitaciones<\/strong><\/h2>\n\n\n\n<p class=\"has-normal-font-size\" style=\"line-height:1.5\"><strong>Joaqu\u00edn Teyssandier<\/strong><\/p>\n\n\n<div class=\"wp-block-image\">\n<figure class=\"aligncenter size-full is-resized\"><img decoding=\"async\" loading=\"lazy\" src=\"https:\/\/isef11-sfe.infd.edu.ar\/sitio\/wp-content\/uploads\/2023\/11\/joaquin-campeon-e1695651449777-edited-1.png\" alt=\"Joaqu\u00edn Teyssander, alumno de nuestro Instituto se consagr\u00f3 campe\u00f3n mundial de Tae Kwondo\" class=\"wp-image-1663\" width=\"279\" height=\"298\"\/><\/figure><\/div>\n\n\n<hr class=\"wp-block-separator has-alpha-channel-opacity\"\/>\n\n\n\n<p>En un combate muy parejo, el argentino super\u00f3 2-1 al neoceland\u00e9s Allister Villiers y se qued\u00f3 con el primer lugar en la categor\u00eda sparring hyperweight, de los Juegos Mundiales de Taekwondo ITF<\/p>\n\n\n\n<div class=\"wp-block-buttons is-layout-flex\">\n<div class=\"wp-block-button aligncenter\"><a class=\"wp-block-button__link wp-element-button\" href=\"https:\/\/twitter.com\/canaldeportv\/status\/1700642715573129651\" target=\"_blank\" rel=\"noreferrer noopener\">Video<\/a><\/div>\n<\/div>\n\n\n\n<div class=\"wp-block-buttons is-layout-flex\"><\/div>\n\n\n\n<div class=\"wp-block-buttons alignfull is-horizontal is-content-justification-center is-layout-flex wp-container-3\"><\/div>\n<\/div>\n\n\n\n<div class=\"wp-block-column is-vertically-aligned-center has-text-color has-background has-link-color wp-elements-cd4636fff815b83f91b36261cf5109f8 is-layout-flow\" style=\"color:#000000;background-color:#d1d1e1;padding-top:2em;padding-right:2em;padding-bottom:2em;padding-left:2em;flex-basis:300px\">\n<h2 class=\"wp-block-heading\" id=\"family\" style=\"font-size:40px\"><strong>Felicitaciones<\/strong><\/h2>\n\n\n\n<p class=\"has-normal-font-size\" style=\"line-height:1.5\"><strong>Martina Isequilla<\/strong><\/p>\n\n\n\n<figure class=\"wp-block-image size-full\"><img decoding=\"async\" loading=\"lazy\" width=\"960\" height=\"1280\" src=\"https:\/\/isef11-sfe.infd.edu.ar\/sitio\/wp-content\/uploads\/2023\/11\/WhatsApp-Image-2023-11-04-at-08.58.02-1.jpeg\" alt=\"\" class=\"wp-image-1648\" srcset=\"https:\/\/isef11-sfe.infd.edu.ar\/sitio\/wp-content\/uploads\/2023\/11\/WhatsApp-Image-2023-11-04-at-08.58.02-1.jpeg 960w, https:\/\/isef11-sfe.infd.edu.ar\/sitio\/wp-content\/uploads\/2023\/11\/WhatsApp-Image-2023-11-04-at-08.58.02-1-750x1000.jpeg 750w, https:\/\/isef11-sfe.infd.edu.ar\/sitio\/wp-content\/uploads\/2023\/11\/WhatsApp-Image-2023-11-04-at-08.58.02-1-768x1024.jpeg 768w\" sizes=\"(max-width: 960px) 100vw, 960px\" \/><\/figure>\n\n\n\n<hr class=\"wp-block-separator has-css-opacity is-style-wide\"\/>\n\n\n\n<p class=\"has-text-align-left\">La Direcci\u00f3n General, junto con los cuerpos directivos de las Escuelas y Departamento, felicita a nuestra estudiante Martina Isequilla, que en el d\u00eda de ayer obtuvo la \u00abMedalla de Bronce en los XIX Juegos Panamericanos Santiago 2023\u00bb, en la disciplina de canotaje en K4 &#8211; 500.<br>Sin duda, nos enorgullece tama\u00f1o logro y desde ya es un ejemplo para nuestra comunidad estudiantil, por que no solo es un logro deportivo, si no que es un premio a la perseverancia y dedicaci\u00f3n.<br>La instituci\u00f3n fue protagonista de tus a\u00f1os de esfuerzo, con mucha pasi\u00f3n y vocaci\u00f3n alcanzaste este momento so\u00f1ado.<br>Te enviamos un c\u00e1lido y afectuoso saludo y por tu intermedio a toda la delegaci\u00f3n Argentina que te acompa\u00f1a en esta representaci\u00f3n Internacional.<\/p>\n\n\n\n<div class=\"wp-block-buttons alignwide is-layout-flex\">\n<div class=\"wp-block-button aligncenter\"><a class=\"wp-block-button__link wp-element-button\" href=\"https:\/\/urgente24.com\/deportes\/rosario-se-destaca-11-atletas-recibieron-medallas-chile-n563334#google_vignette\" target=\"_blank\" rel=\"noreferrer noopener\">Nota completa<\/a><\/div>\n<\/div>\n\n\n\n<div class=\"wp-block-buttons alignfull is-horizontal is-content-justification-center is-layout-flex wp-container-6\"><\/div>\n<\/div>\n\n\n\n<div class=\"wp-block-column is-vertically-aligned-top has-text-color has-background has-link-color wp-elements-930455947ab453745f10e5c464566724 is-layout-flow\" style=\"color:#000000;background-color:#d1d1e1;padding-top:2em;padding-right:2em;padding-bottom:2em;padding-left:2em;flex-basis:300px\">\n<h2 class=\"wp-block-heading\" id=\"family\" style=\"font-size:40px\">Guardavidas a Mar de Aj\u00f3<\/h2>\n\n\n\n<hr class=\"wp-block-separator has-css-opacity is-style-wide\"\/>\n\n\n\n<figure class=\"wp-block-image size-full\"><img decoding=\"async\" loading=\"lazy\" width=\"1600\" height=\"1297\" src=\"https:\/\/isef11-sfe.infd.edu.ar\/sitio\/wp-content\/uploads\/2023\/11\/WhatsApp-Image-2023-11-16-at-20.14.12.jpeg\" alt=\"\" class=\"wp-image-1770\" srcset=\"https:\/\/isef11-sfe.infd.edu.ar\/sitio\/wp-content\/uploads\/2023\/11\/WhatsApp-Image-2023-11-16-at-20.14.12.jpeg 1600w, https:\/\/isef11-sfe.infd.edu.ar\/sitio\/wp-content\/uploads\/2023\/11\/WhatsApp-Image-2023-11-16-at-20.14.12-1000x811.jpeg 1000w, https:\/\/isef11-sfe.infd.edu.ar\/sitio\/wp-content\/uploads\/2023\/11\/WhatsApp-Image-2023-11-16-at-20.14.12-768x623.jpeg 768w, https:\/\/isef11-sfe.infd.edu.ar\/sitio\/wp-content\/uploads\/2023\/11\/WhatsApp-Image-2023-11-16-at-20.14.12-1536x1245.jpeg 1536w\" sizes=\"(max-width: 1600px) 100vw, 1600px\" \/><\/figure>\n\n\n\n<hr class=\"wp-block-separator has-alpha-channel-opacity\"\/>\n\n\n\n<p class=\"has-text-align-left\">Del 1 al 4 de diciembre del 2023, los estudiantes del curso de Guardavidas viajan a la localidad de Mar de Aj\u00f3 para realizar su capacitaci\u00f3n de Rescate en Mar<\/p>\n\n\n\n<div class=\"wp-block-buttons alignwide is-layout-flex\">\n<div class=\"wp-block-button aligncenter\"><a class=\"wp-block-button__link wp-element-button\" href=\"https:\/\/drive.google.com\/file\/d\/1Lrt43amQxzNhfOqFOd7e3rBOyFKuQd1x\/view?usp=drive_link\" target=\"_blank\" rel=\"noreferrer noopener\">Video<\/a><\/div>\n<\/div>\n\n\n\n<hr class=\"wp-block-separator has-alpha-channel-opacity\"\/>\n\n\n\n<div class=\"wp-block-buttons alignfull is-horizontal is-content-justification-center is-layout-flex wp-container-9\">\n<div class=\"wp-block-button\"><a class=\"wp-block-button__link wp-element-button\" href=\"https:\/\/drive.google.com\/file\/d\/1hy7XhZkHzCwfIod_yqN5QnJ0-7LFkYR3\/view?usp=drive_link\" target=\"_blank\" rel=\"noreferrer noopener\">Video<\/a><\/div>\n<\/div>\n<\/div>\n<\/div>\n","protected":false},"excerpt":{"rendered":"<p>REQUISITOS ELECTORES 2024 CRONOGRAMA ELECTORAL 2024 CONVOCATORIA PARA JUNTA ELECTORAL Estimada Comunidad Educativa: A partir del d\u00eda de la Fecha y por cinco d\u00edas h\u00e1biles, el ConsejoSuperior,por resoluci\u00f3n n\u00ba 1209 votada en la reuni\u00f3n del d\u00eda 02 deSetiembre,&nbsp; convoca a los integrantes de los distintos claustros aparticipar de la&nbsp; Junta Electoral , que llevara a &#8230; <a title=\"Noticias\" class=\"read-more\" href=\"https:\/\/isef11-sfe.infd.edu.ar\/sitio\/noticias\/\" aria-label=\"More on Noticias\">[+]<\/a><\/p>\n","protected":false},"author":74,"featured_media":876,"parent":0,"menu_order":0,"comment_status":"closed","ping_status":"closed","template":"","meta":[],"acf":[],"_links":{"self":[{"href":"https:\/\/isef11-sfe.infd.edu.ar\/sitio\/wp-json\/wp\/v2\/pages\/1149"}],"collection":[{"href":"https:\/\/isef11-sfe.infd.edu.ar\/sitio\/wp-json\/wp\/v2\/pages"}],"about":[{"href":"https:\/\/isef11-sfe.infd.edu.ar\/sitio\/wp-json\/wp\/v2\/types\/page"}],"author":[{"embeddable":true,"href":"https:\/\/isef11-sfe.infd.edu.ar\/sitio\/wp-json\/wp\/v2\/users\/74"}],"replies":[{"embeddable":true,"href":"https:\/\/isef11-sfe.infd.edu.ar\/sitio\/wp-json\/wp\/v2\/comments?post=1149"}],"version-history":[{"count":65,"href":"https:\/\/isef11-sfe.infd.edu.ar\/sitio\/wp-json\/wp\/v2\/pages\/1149\/revisions"}],"predecessor-version":[{"id":2128,"href":"https:\/\/isef11-sfe.infd.edu.ar\/sitio\/wp-json\/wp\/v2\/pages\/1149\/revisions\/2128"}],"wp:featuredmedia":[{"embeddable":true,"href":"https:\/\/isef11-sfe.infd.edu.ar\/sitio\/wp-json\/wp\/v2\/media\/876"}],"wp:attachment":[{"href":"https:\/\/isef11-sfe.infd.edu.ar\/sitio\/wp-json\/wp\/v2\/media?parent=1149"}],"curies":[{"name":"wp","href":"https:\/\/api.w.org\/{rel}","templated":true}]}}